{"id":1031,"date":"2025-04-13T00:50:16","date_gmt":"2025-04-13T03:50:16","guid":{"rendered":"https:\/\/online.dmgroup.com.ar\/product\/bicicleta-electrica-ave-26-enerby\/"},"modified":"2026-02-05T11:28:29","modified_gmt":"2026-02-05T14:28:29","slug":"bicicleta-electrica-ave-26-enerby","status":"publish","type":"product","link":"https:\/\/online.dmgroup.com.ar\/?product=bicicleta-electrica-ave-26-enerby","title":{"rendered":"BICICLETA ELECTRICA AVE 26 ENERBY"},"content":{"rendered":"<p>AVE Cuadro: dise\u00f1o compacto Enerby Bater\u00eda: litio 36V 10.4AH Probattery  Motor: Brushless 350W Probattery  Cargador: 220V carga nominal 1.8H 6HS carga  Autonom\u00eda: 30km a 70Km seg\u00fan asistencia Velocidad: m\u00e1xima de 25km-h Peso: 21kg Peso m\u00e1ximo: 140kg  Rodado: cubiertas 26\u201d x2  Llanta: doble pared 26\u201d aluminio  Horquilla: suspensi\u00f3n 26\u201d Frenos: v-brake Niveles de asistencia: 5 niveles Display: Led https:&#8211;www.enerby.com.ar-bicicletas-ave <\/p>\n","protected":false},"excerpt":{"rendered":"<p>BICICLETA ELECTRICA AVE 26 ENERBY<\/p>\n","protected":false},"featured_media":1030,"template":"","meta":{"_acf_changed":false},"product_brand":[],"product_cat":[51],"product_tag":[],"class_list":{"0":"post-1031","1":"product","2":"type-product","3":"status-publish","4":"has-post-thumbnail","6":"product_cat-rodados","8":"first","9":"instock","10":"shipping-taxable","11":"product-type-simple"},"acf":[],"_links":{"self":[{"href":"https:\/\/online.dmgroup.com.ar\/index.php?rest_route=\/wp\/v2\/product\/1031","targetHints":{"allow":["GET"]}}],"collection":[{"href":"https:\/\/online.dmgroup.com.ar\/index.php?rest_route=\/wp\/v2\/product"}],"about":[{"href":"https:\/\/online.dmgroup.com.ar\/index.php?rest_route=\/wp\/v2\/types\/product"}],"version-history":[{"count":0,"href":"https:\/\/online.dmgroup.com.ar\/index.php?rest_route=\/wp\/v2\/product\/1031\/revisions"}],"wp:featuredmedia":[{"embeddable":true,"href":"https:\/\/online.dmgroup.com.ar\/index.php?rest_route=\/wp\/v2\/media\/1030"}],"wp:attachment":[{"href":"https:\/\/online.dmgroup.com.ar\/index.php?rest_route=%2Fwp%2Fv2%2Fmedia&parent=1031"}],"wp:term":[{"taxonomy":"product_brand","embeddable":true,"href":"https:\/\/online.dmgroup.com.ar\/index.php?rest_route=%2Fwp%2Fv2%2Fproduct_brand&post=1031"},{"taxonomy":"product_cat","embeddable":true,"href":"https:\/\/online.dmgroup.com.ar\/index.php?rest_route=%2Fwp%2Fv2%2Fproduct_cat&post=1031"},{"taxonomy":"product_tag","embeddable":true,"href":"https:\/\/online.dmgroup.com.ar\/index.php?rest_route=%2Fwp%2Fv2%2Fproduct_tag&post=1031"}],"curies":[{"name":"wp","href":"https:\/\/api.w.org\/{rel}","templated":true}]}}