{"id":1033,"date":"2025-04-13T00:50:19","date_gmt":"2025-04-13T03:50:19","guid":{"rendered":"https:\/\/online.dmgroup.com.ar\/product\/bicicleta-electrica-rodado-29-negra-eb-m299-kany\/"},"modified":"2026-02-05T11:28:32","modified_gmt":"2026-02-05T14:28:32","slug":"bicicleta-electrica-rodado-29-negra-eb-m299-kany","status":"publish","type":"product","link":"https:\/\/online.dmgroup.com.ar\/?product=bicicleta-electrica-rodado-29-negra-eb-m299-kany","title":{"rendered":"BICICLETA ELECTRICA RODADO 29 NEGRA EB-M299 KANY"},"content":{"rendered":"<p>E-BIKE Enerby MTB  Rodado 29\u201d  Motor 350W Velocidad m\u00e1xima 25km-h  Cuadro de aluminio  8 velocidades Shimano  Frenos a disco  Bater\u00eda 36V 10Ah  Suspensi\u00f3n delantera  <\/p>\n","protected":false},"excerpt":{"rendered":"<p>BICICLETA ELECTRICA RODADO 29 NEGRA EB-M299 KANY<\/p>\n","protected":false},"featured_media":1032,"template":"","meta":{"_acf_changed":false},"product_brand":[],"product_cat":[51],"product_tag":[],"class_list":{"0":"post-1033","1":"product","2":"type-product","3":"status-publish","4":"has-post-thumbnail","6":"product_cat-rodados","8":"first","9":"instock","10":"shipping-taxable","11":"product-type-simple"},"acf":[],"_links":{"self":[{"href":"https:\/\/online.dmgroup.com.ar\/index.php?rest_route=\/wp\/v2\/product\/1033","targetHints":{"allow":["GET"]}}],"collection":[{"href":"https:\/\/online.dmgroup.com.ar\/index.php?rest_route=\/wp\/v2\/product"}],"about":[{"href":"https:\/\/online.dmgroup.com.ar\/index.php?rest_route=\/wp\/v2\/types\/product"}],"version-history":[{"count":0,"href":"https:\/\/online.dmgroup.com.ar\/index.php?rest_route=\/wp\/v2\/product\/1033\/revisions"}],"wp:featuredmedia":[{"embeddable":true,"href":"https:\/\/online.dmgroup.com.ar\/index.php?rest_route=\/wp\/v2\/media\/1032"}],"wp:attachment":[{"href":"https:\/\/online.dmgroup.com.ar\/index.php?rest_route=%2Fwp%2Fv2%2Fmedia&parent=1033"}],"wp:term":[{"taxonomy":"product_brand","embeddable":true,"href":"https:\/\/online.dmgroup.com.ar\/index.php?rest_route=%2Fwp%2Fv2%2Fproduct_brand&post=1033"},{"taxonomy":"product_cat","embeddable":true,"href":"https:\/\/online.dmgroup.com.ar\/index.php?rest_route=%2Fwp%2Fv2%2Fproduct_cat&post=1033"},{"taxonomy":"product_tag","embeddable":true,"href":"https:\/\/online.dmgroup.com.ar\/index.php?rest_route=%2Fwp%2Fv2%2Fproduct_tag&post=1033"}],"curies":[{"name":"wp","href":"https:\/\/api.w.org\/{rel}","templated":true}]}}