{"id":1039,"date":"2025-04-13T00:50:28","date_gmt":"2025-04-13T03:50:28","guid":{"rendered":"https:\/\/online.dmgroup.com.ar\/product\/bicicleta-electrica-verona-26-md-e26tl-k-momo-design\/"},"modified":"2026-02-05T11:28:41","modified_gmt":"2026-02-05T14:28:41","slug":"bicicleta-electrica-verona-26-md-e26tl-k-momo-design","status":"publish","type":"product","link":"https:\/\/online.dmgroup.com.ar\/?product=bicicleta-electrica-verona-26-md-e26tl-k-momo-design","title":{"rendered":"BICICLETA ELECTRICA VERONA 26 MD-E26TL-K MOMO DESIGN"},"content":{"rendered":"<p>Bicicleta El\u00e9ctrica Momo Design Verona 26 &#8211; Modelo Md-e26tl-k &#8211; 36v 250w &#8211; Color Blanco Descripci\u00f3n: E-Bike VERONA 26 Rodado 26 Motor 250W Bater\u00eda 7,8 Ah Velocidad M\u00e1xima 25 Km-H Cuadro De Aluminio 7 Velocidades SHIMANO Frenos A Disco Suspensi\u00f3n Delantera Luces LED Delantera Y Trasera. Peso De La Unidad 17 Kg<\/p>\n","protected":false},"excerpt":{"rendered":"<p>BICICLETA ELECTRICA VERONA 26 MD-E26TL-K MOMO DESIGN<\/p>\n","protected":false},"featured_media":1038,"template":"","meta":{"_acf_changed":false},"product_brand":[],"product_cat":[51],"product_tag":[],"class_list":{"0":"post-1039","1":"product","2":"type-product","3":"status-publish","4":"has-post-thumbnail","6":"product_cat-rodados","8":"first","9":"instock","10":"shipping-taxable","11":"product-type-simple"},"acf":[],"_links":{"self":[{"href":"https:\/\/online.dmgroup.com.ar\/index.php?rest_route=\/wp\/v2\/product\/1039","targetHints":{"allow":["GET"]}}],"collection":[{"href":"https:\/\/online.dmgroup.com.ar\/index.php?rest_route=\/wp\/v2\/product"}],"about":[{"href":"https:\/\/online.dmgroup.com.ar\/index.php?rest_route=\/wp\/v2\/types\/product"}],"version-history":[{"count":0,"href":"https:\/\/online.dmgroup.com.ar\/index.php?rest_route=\/wp\/v2\/product\/1039\/revisions"}],"wp:featuredmedia":[{"embeddable":true,"href":"https:\/\/online.dmgroup.com.ar\/index.php?rest_route=\/wp\/v2\/media\/1038"}],"wp:attachment":[{"href":"https:\/\/online.dmgroup.com.ar\/index.php?rest_route=%2Fwp%2Fv2%2Fmedia&parent=1039"}],"wp:term":[{"taxonomy":"product_brand","embeddable":true,"href":"https:\/\/online.dmgroup.com.ar\/index.php?rest_route=%2Fwp%2Fv2%2Fproduct_brand&post=1039"},{"taxonomy":"product_cat","embeddable":true,"href":"https:\/\/online.dmgroup.com.ar\/index.php?rest_route=%2Fwp%2Fv2%2Fproduct_cat&post=1039"},{"taxonomy":"product_tag","embeddable":true,"href":"https:\/\/online.dmgroup.com.ar\/index.php?rest_route=%2Fwp%2Fv2%2Fproduct_tag&post=1039"}],"curies":[{"name":"wp","href":"https:\/\/api.w.org\/{rel}","templated":true}]}}