{"id":104,"date":"2024-12-09T10:35:38","date_gmt":"2024-12-09T13:35:38","guid":{"rendered":"https:\/\/online.dmgroup.com.ar\/product\/aire-acondicionado-frio-calor-5100w-taca-5100fcsa-el2-tcl\/"},"modified":"2026-02-05T11:12:11","modified_gmt":"2026-02-05T14:12:11","slug":"aire-acondicionado-frio-calor-5100w-taca-5100fcsa-el2-tcl","status":"publish","type":"product","link":"https:\/\/online.dmgroup.com.ar\/?product=aire-acondicionado-frio-calor-5100w-taca-5100fcsa-el2-tcl","title":{"rendered":"AIRE ACONDICIONADO FRIO CALOR 5100W TACA-5100FCSA\/EL2 TCL"},"content":{"rendered":"<p>TACA-5100FCSA-EL2 Acondicionador de Aire Elite On-Off 2 \u00b7 Fr\u00edo-Calor \u00b7 Modo Eco \u00b7 Sleep \u00b7 Auto diagn\u00f3stico \u00b7 Mute \u00b7 I Feel \u00b7 Display On-Off  Capacidad Fr\u00edo (KW): 5100 Capacidad Calor (KW): 5100 Tensi\u00f3n y Frecuencia (Vz-Hz) Monof\u00e1sico 220 &#8211; 50 Corriente (A): Fr\u00edo 7.5 | Calor 6.9 Potencia (W): Fr\u00edo 1588 | Calor 1466 Eficiencia Energ\u00e9tica (IEE-Letra &#8211; COP-Letra ): Fr\u00edo 3.21-A | Calor 3.41-B Consumo Anual de Energ\u00eda &#8211; Refrg. (KWh): 794 Dimensiones Unidad Interior AnxAlxProf (mm): 910x294x206 Peso Unidad Interior: 10 Dimensiones Unidad Exterior AnxAlxProf (mm): 835x605x360 Peso Unidad Exterior: 38 Funciones: Comfortable Cooling: Mantiene y controla el nivel de humedad que conviene seg\u00fan el ambiente, en modo refrigeraci\u00f3n. Modo Eco: Regula la temperatura en +2\u00b0 y -2\u00b0 dependiendo la temperatura programada I Feel: El termostato ubicado en el control remoto, permite detectar si la temperatura programada en el equipo es alcanzada en todo el ambiente I Set: Permite que el equipo funcione con la \u00faltima configuraci\u00f3n deseada y programada Auto Restart: El equipo mantiene en su memoria las funciones y valores programadas para seguir funcionando en estas condiciones luego de un corte de energ\u00eda. Una vez reestablecida la alimentaci\u00f3n, la unidad se encender\u00e1 autom\u00e1ticamente. Display On-Off: Cuenta con la posibilidad de encender o apagar el display del equipo, evitando luces inc\u00f3modas. Timer On-Off: Permite la programaci\u00f3n del equipo tanto para el encendido y apagado. En el encendido se puede dejar las preferencias del equipo para no ajustar al momento del inicio.  https:&#8211;www.tcl.com-ar-es-air-conditioners-TACA2 <\/p>\n","protected":false},"excerpt":{"rendered":"<p>AIRE ACONDICIONADO FRIO CALOR 5100W TACA-5100FCSA-EL2 TCL<\/p>\n","protected":false},"featured_media":103,"template":"","meta":{"_acf_changed":false},"product_brand":[],"product_cat":[37],"product_tag":[],"class_list":{"0":"post-104","1":"product","2":"type-product","3":"status-publish","4":"has-post-thumbnail","6":"product_cat-climatizacion","8":"first","9":"instock","10":"shipping-taxable","11":"product-type-simple"},"acf":[],"_links":{"self":[{"href":"https:\/\/online.dmgroup.com.ar\/index.php?rest_route=\/wp\/v2\/product\/104","targetHints":{"allow":["GET"]}}],"collection":[{"href":"https:\/\/online.dmgroup.com.ar\/index.php?rest_route=\/wp\/v2\/product"}],"about":[{"href":"https:\/\/online.dmgroup.com.ar\/index.php?rest_route=\/wp\/v2\/types\/product"}],"version-history":[{"count":0,"href":"https:\/\/online.dmgroup.com.ar\/index.php?rest_route=\/wp\/v2\/product\/104\/revisions"}],"wp:featuredmedia":[{"embeddable":true,"href":"https:\/\/online.dmgroup.com.ar\/index.php?rest_route=\/wp\/v2\/media\/103"}],"wp:attachment":[{"href":"https:\/\/online.dmgroup.com.ar\/index.php?rest_route=%2Fwp%2Fv2%2Fmedia&parent=104"}],"wp:term":[{"taxonomy":"product_brand","embeddable":true,"href":"https:\/\/online.dmgroup.com.ar\/index.php?rest_route=%2Fwp%2Fv2%2Fproduct_brand&post=104"},{"taxonomy":"product_cat","embeddable":true,"href":"https:\/\/online.dmgroup.com.ar\/index.php?rest_route=%2Fwp%2Fv2%2Fproduct_cat&post=104"},{"taxonomy":"product_tag","embeddable":true,"href":"https:\/\/online.dmgroup.com.ar\/index.php?rest_route=%2Fwp%2Fv2%2Fproduct_tag&post=104"}],"curies":[{"name":"wp","href":"https:\/\/api.w.org\/{rel}","templated":true}]}}