{"id":108,"date":"2024-12-09T10:35:45","date_gmt":"2024-12-09T13:35:45","guid":{"rendered":"https:\/\/online.dmgroup.com.ar\/product\/aire-acondicionado-frio-calor-5300w-inverter-taca-5300fcsa-elinv-tcl\/"},"modified":"2026-02-05T11:12:17","modified_gmt":"2026-02-05T14:12:17","slug":"aire-acondicionado-frio-calor-5300w-inverter-taca-5300fcsa-elinv-tcl","status":"publish","type":"product","link":"https:\/\/online.dmgroup.com.ar\/?product=aire-acondicionado-frio-calor-5300w-inverter-taca-5300fcsa-elinv-tcl","title":{"rendered":"AIRE ACONDICIONADO FRIO CALOR 5300W INVERTER TACA 5300FCSA ELINV TCL"},"content":{"rendered":"<p>Split Elite, Frio Calor 5300W INVERTER. Gas Ecologico R410 Efic. energ\u00e9tica A.  Display On-Off, Timer, Funci\u00f3n Deshumificaci\u00f3n, Funci\u00f3n sue\u00f1o, ECO, Funci\u00f3n I set (Programado favorito). Dimensiones Unid. Interior 1010x315x220mm  Peso: 13 kg. Unid. Exterior 853x602x349 mm. Peso: 32 kg.<\/p>\n","protected":false},"excerpt":{"rendered":"<p>AIRE ACONDICIONADO FRIO CALOR 5300W INVERTER TACA 5300FCSA ELINV TCL<\/p>\n","protected":false},"featured_media":107,"template":"","meta":{"_acf_changed":false},"product_brand":[],"product_cat":[37],"product_tag":[],"class_list":{"0":"post-108","1":"product","2":"type-product","3":"status-publish","4":"has-post-thumbnail","6":"product_cat-climatizacion","8":"first","9":"instock","10":"shipping-taxable","11":"product-type-simple"},"acf":[],"_links":{"self":[{"href":"https:\/\/online.dmgroup.com.ar\/index.php?rest_route=\/wp\/v2\/product\/108","targetHints":{"allow":["GET"]}}],"collection":[{"href":"https:\/\/online.dmgroup.com.ar\/index.php?rest_route=\/wp\/v2\/product"}],"about":[{"href":"https:\/\/online.dmgroup.com.ar\/index.php?rest_route=\/wp\/v2\/types\/product"}],"version-history":[{"count":0,"href":"https:\/\/online.dmgroup.com.ar\/index.php?rest_route=\/wp\/v2\/product\/108\/revisions"}],"wp:featuredmedia":[{"embeddable":true,"href":"https:\/\/online.dmgroup.com.ar\/index.php?rest_route=\/wp\/v2\/media\/107"}],"wp:attachment":[{"href":"https:\/\/online.dmgroup.com.ar\/index.php?rest_route=%2Fwp%2Fv2%2Fmedia&parent=108"}],"wp:term":[{"taxonomy":"product_brand","embeddable":true,"href":"https:\/\/online.dmgroup.com.ar\/index.php?rest_route=%2Fwp%2Fv2%2Fproduct_brand&post=108"},{"taxonomy":"product_cat","embeddable":true,"href":"https:\/\/online.dmgroup.com.ar\/index.php?rest_route=%2Fwp%2Fv2%2Fproduct_cat&post=108"},{"taxonomy":"product_tag","embeddable":true,"href":"https:\/\/online.dmgroup.com.ar\/index.php?rest_route=%2Fwp%2Fv2%2Fproduct_tag&post=108"}],"curies":[{"name":"wp","href":"https:\/\/api.w.org\/{rel}","templated":true}]}}