{"id":1099,"date":"2025-04-14T00:50:51","date_gmt":"2025-04-14T03:50:51","guid":{"rendered":"https:\/\/online.dmgroup.com.ar\/product\/bicicleta-rodado-26-con-suspension-duster-dama-stark\/"},"modified":"2026-02-05T11:30:20","modified_gmt":"2026-02-05T14:30:20","slug":"bicicleta-rodado-26-con-suspension-duster-dama-stark","status":"publish","type":"product","link":"https:\/\/online.dmgroup.com.ar\/?product=bicicleta-rodado-26-con-suspension-duster-dama-stark","title":{"rendered":"BICICLETA RODADO 26 CON SUSPENSION DUSTER DAMA STARK"},"content":{"rendered":"<p>Cuadro Acero &#8211; Ca\u00f1o Inferior 50  Llantas de Aluminio 26 * 1,95 ( Tyre Imperial Cord ) Horquilla STARK, Suspensi\u00f3n Cabezal de Acero Pi\u00f1on  Index FW-18T, SIZE: 14-28T Sistema de frenos STARK F-R V-BRAKE SET,  Model  VB-968SK, ALLOY Lenght 110 mm Shifter SHIMANO SHIFTER LEVER MODEL: ST-EF500, 21 SPEED Stem STARK Model: MQ-527 Material: ALLOY,  SIZE: 28.6 X &#8216;31.8 X 60MM Descarrilador Delantero SHIMANO Tourney Front MODEL: FD-TZ50, 3S, DOWN PULL Descarrilador Trasero SHIMANO Tourney Rear MODEL: RD-TY21, 7S, INDEX,   <\/p>\n","protected":false},"excerpt":{"rendered":"<p>BICICLETA RODADO 26 CON SUSPENSION DUSTER DAMA STARK<\/p>\n","protected":false},"featured_media":1098,"template":"","meta":{"_acf_changed":false},"product_brand":[],"product_cat":[51],"product_tag":[],"class_list":{"0":"post-1099","1":"product","2":"type-product","3":"status-publish","4":"has-post-thumbnail","6":"product_cat-rodados","8":"first","9":"instock","10":"shipping-taxable","11":"product-type-simple"},"acf":[],"_links":{"self":[{"href":"https:\/\/online.dmgroup.com.ar\/index.php?rest_route=\/wp\/v2\/product\/1099","targetHints":{"allow":["GET"]}}],"collection":[{"href":"https:\/\/online.dmgroup.com.ar\/index.php?rest_route=\/wp\/v2\/product"}],"about":[{"href":"https:\/\/online.dmgroup.com.ar\/index.php?rest_route=\/wp\/v2\/types\/product"}],"version-history":[{"count":0,"href":"https:\/\/online.dmgroup.com.ar\/index.php?rest_route=\/wp\/v2\/product\/1099\/revisions"}],"wp:featuredmedia":[{"embeddable":true,"href":"https:\/\/online.dmgroup.com.ar\/index.php?rest_route=\/wp\/v2\/media\/1098"}],"wp:attachment":[{"href":"https:\/\/online.dmgroup.com.ar\/index.php?rest_route=%2Fwp%2Fv2%2Fmedia&parent=1099"}],"wp:term":[{"taxonomy":"product_brand","embeddable":true,"href":"https:\/\/online.dmgroup.com.ar\/index.php?rest_route=%2Fwp%2Fv2%2Fproduct_brand&post=1099"},{"taxonomy":"product_cat","embeddable":true,"href":"https:\/\/online.dmgroup.com.ar\/index.php?rest_route=%2Fwp%2Fv2%2Fproduct_cat&post=1099"},{"taxonomy":"product_tag","embeddable":true,"href":"https:\/\/online.dmgroup.com.ar\/index.php?rest_route=%2Fwp%2Fv2%2Fproduct_tag&post=1099"}],"curies":[{"name":"wp","href":"https:\/\/api.w.org\/{rel}","templated":true}]}}