{"id":1115,"date":"2025-04-14T00:51:25","date_gmt":"2025-04-14T03:51:25","guid":{"rendered":"https:\/\/online.dmgroup.com.ar\/product\/bicicleta-rodado-29-24-vel-all-terra-attack-olmo\/"},"modified":"2026-02-05T11:30:42","modified_gmt":"2026-02-05T14:30:42","slug":"bicicleta-rodado-29-24-vel-all-terra-attack-olmo","status":"publish","type":"product","link":"https:\/\/online.dmgroup.com.ar\/?product=bicicleta-rodado-29-24-vel-all-terra-attack-olmo","title":{"rendered":"BICICLETA RODADO 29 &#8211; 24 VEL. ALL TERRA ATTACK OLMO"},"content":{"rendered":"<p>RODADO 29 CUADRO Aluminio 6061 con frente integrado, montaje para discos Postmount TALLE 18 &#8211;  20 &#8211;  21  CAMBIO TRASERO Shimano Acera 360, 24 velocidades HORQUILLA Suspensi\u00f3n Olmo Attack con bloqueo hidr\u00e1ulico FRENOS A disco hidr\u00e1ulico Shimano MT200 https:&#8211;olmobikes.net-bicicleta-all-terra-attack-<\/p>\n","protected":false},"excerpt":{"rendered":"<p>BICICLETA RODADO 29 &#8211; 24 VEL. ALL TERRA ATTACK OLMO<\/p>\n","protected":false},"featured_media":1114,"template":"","meta":{"_acf_changed":false},"product_brand":[],"product_cat":[51],"product_tag":[],"class_list":{"0":"post-1115","1":"product","2":"type-product","3":"status-publish","4":"has-post-thumbnail","6":"product_cat-rodados","8":"first","9":"instock","10":"shipping-taxable","11":"product-type-simple"},"acf":[],"_links":{"self":[{"href":"https:\/\/online.dmgroup.com.ar\/index.php?rest_route=\/wp\/v2\/product\/1115","targetHints":{"allow":["GET"]}}],"collection":[{"href":"https:\/\/online.dmgroup.com.ar\/index.php?rest_route=\/wp\/v2\/product"}],"about":[{"href":"https:\/\/online.dmgroup.com.ar\/index.php?rest_route=\/wp\/v2\/types\/product"}],"version-history":[{"count":0,"href":"https:\/\/online.dmgroup.com.ar\/index.php?rest_route=\/wp\/v2\/product\/1115\/revisions"}],"wp:featuredmedia":[{"embeddable":true,"href":"https:\/\/online.dmgroup.com.ar\/index.php?rest_route=\/wp\/v2\/media\/1114"}],"wp:attachment":[{"href":"https:\/\/online.dmgroup.com.ar\/index.php?rest_route=%2Fwp%2Fv2%2Fmedia&parent=1115"}],"wp:term":[{"taxonomy":"product_brand","embeddable":true,"href":"https:\/\/online.dmgroup.com.ar\/index.php?rest_route=%2Fwp%2Fv2%2Fproduct_brand&post=1115"},{"taxonomy":"product_cat","embeddable":true,"href":"https:\/\/online.dmgroup.com.ar\/index.php?rest_route=%2Fwp%2Fv2%2Fproduct_cat&post=1115"},{"taxonomy":"product_tag","embeddable":true,"href":"https:\/\/online.dmgroup.com.ar\/index.php?rest_route=%2Fwp%2Fv2%2Fproduct_tag&post=1115"}],"curies":[{"name":"wp","href":"https:\/\/api.w.org\/{rel}","templated":true}]}}