{"id":1141,"date":"2025-04-15T00:50:31","date_gmt":"2025-04-15T03:50:31","guid":{"rendered":"https:\/\/online.dmgroup.com.ar\/product\/bidet-andino-blanco-juego-arizona-plus-bea3-295-b1-ferrum\/"},"modified":"2026-02-05T11:31:25","modified_gmt":"2026-02-05T14:31:25","slug":"bidet-andino-blanco-juego-arizona-plus-bea3-295-b1-ferrum","status":"publish","type":"product","link":"https:\/\/online.dmgroup.com.ar\/?product=bidet-andino-blanco-juego-arizona-plus-bea3-295-b1-ferrum","title":{"rendered":"BIDET ANDINO BLANCO + JUEGO ARIZONA PLUS BEA3 295\/B1 FERRUM"},"content":{"rendered":"<p>BIDET ANDINA (3 AGUJEROS) Orificios para Grifer\u00eda 3 Altura 35,9 CM Ancho 35,2 CM Profundidad 49,6 CM Material Porcelana Sanitaria Peso 12,5 KG Tipo De Instalaci\u00f3n Apoyar Color Blanco  0295-B1P Arizona Plus \u2013 Juego para bid\u00e9 Color  Cromo Tipo Tradicional Apto para calef\u00f3n y-o termotanque Tecnolog\u00eda: Cierre tradicional o de cuerito Prestaciones: Durabilidad, F\u00e1cil limpieza Dise\u00f1o: Volante cil\u00edndrico Caudal m\u00ednimo de salida a presi\u00f3n est\u00e1tica requerida de 0.4 BAR y caudal m\u00ednimo de alimentaci\u00f3n de 20 lts por minuto: 4,5 lts por minuto. <\/p>\n","protected":false},"excerpt":{"rendered":"<p>BIDET ANDINO BLANCO + JUEGO ARIZONA PLUS BEA3 295-B1 FERRUM<\/p>\n","protected":false},"featured_media":1140,"template":"","meta":{"_acf_changed":false},"product_brand":[],"product_cat":[42],"product_tag":[],"class_list":{"0":"post-1141","1":"product","2":"type-product","3":"status-publish","4":"has-post-thumbnail","6":"product_cat-ferreteria","8":"first","9":"instock","10":"shipping-taxable","11":"product-type-simple"},"acf":[],"_links":{"self":[{"href":"https:\/\/online.dmgroup.com.ar\/index.php?rest_route=\/wp\/v2\/product\/1141","targetHints":{"allow":["GET"]}}],"collection":[{"href":"https:\/\/online.dmgroup.com.ar\/index.php?rest_route=\/wp\/v2\/product"}],"about":[{"href":"https:\/\/online.dmgroup.com.ar\/index.php?rest_route=\/wp\/v2\/types\/product"}],"version-history":[{"count":0,"href":"https:\/\/online.dmgroup.com.ar\/index.php?rest_route=\/wp\/v2\/product\/1141\/revisions"}],"wp:featuredmedia":[{"embeddable":true,"href":"https:\/\/online.dmgroup.com.ar\/index.php?rest_route=\/wp\/v2\/media\/1140"}],"wp:attachment":[{"href":"https:\/\/online.dmgroup.com.ar\/index.php?rest_route=%2Fwp%2Fv2%2Fmedia&parent=1141"}],"wp:term":[{"taxonomy":"product_brand","embeddable":true,"href":"https:\/\/online.dmgroup.com.ar\/index.php?rest_route=%2Fwp%2Fv2%2Fproduct_brand&post=1141"},{"taxonomy":"product_cat","embeddable":true,"href":"https:\/\/online.dmgroup.com.ar\/index.php?rest_route=%2Fwp%2Fv2%2Fproduct_cat&post=1141"},{"taxonomy":"product_tag","embeddable":true,"href":"https:\/\/online.dmgroup.com.ar\/index.php?rest_route=%2Fwp%2Fv2%2Fproduct_tag&post=1141"}],"curies":[{"name":"wp","href":"https:\/\/api.w.org\/{rel}","templated":true}]}}