{"id":1143,"date":"2025-04-15T00:50:33","date_gmt":"2025-04-15T03:50:33","guid":{"rendered":"https:\/\/online.dmgroup.com.ar\/product\/bidet-bari-blanco-juego-arizona-plus-bkm3-295-b1-ferrum\/"},"modified":"2026-02-05T11:31:28","modified_gmt":"2026-02-05T14:31:28","slug":"bidet-bari-blanco-juego-arizona-plus-bkm3-295-b1-ferrum","status":"publish","type":"product","link":"https:\/\/online.dmgroup.com.ar\/?product=bidet-bari-blanco-juego-arizona-plus-bkm3-295-b1-ferrum","title":{"rendered":"BIDET BARI BLANCO + JUEGO ARIZONA PLUS BKM3 295\/B1 FERRUM"},"content":{"rendered":"<p>BIDET BARI (3 AGUJEROS) Orificios para Grifer\u00eda 3 Altura 37,5 CM Ancho 35,8 CM Profundidad 52,5 CM Material Porcelana Sanitaria Peso 16,67 KG Tipo De Instalaci\u00f3n Apoyar Color Blanco  0295-B1P Arizona Plus \u2013 Juego para bid\u00e9  Color  Cromo Tipo Tradicional Apto para calef\u00f3n y-o termotanque Tecnolog\u00eda: Cierre tradicional o de cuerito Prestaciones: Durabilidad, F\u00e1cil limpieza Dise\u00f1o: Volante cilindrico Caudal m\u00ednimo de salida a presi\u00f3n est\u00e1tica requerida de 0.4 BAR y caudal m\u00ednimo de alimentaci\u00f3n de 20 lts por minuto: 4,5 lts por minuto. <\/p>\n","protected":false},"excerpt":{"rendered":"<p>BIDET BARI BLANCO + JUEGO ARIZONA PLUS BKM3 295-B1 FERRUM<\/p>\n","protected":false},"featured_media":1142,"template":"","meta":{"_acf_changed":false},"product_brand":[],"product_cat":[42],"product_tag":[],"class_list":{"0":"post-1143","1":"product","2":"type-product","3":"status-publish","4":"has-post-thumbnail","6":"product_cat-ferreteria","8":"first","9":"instock","10":"shipping-taxable","11":"product-type-simple"},"acf":[],"_links":{"self":[{"href":"https:\/\/online.dmgroup.com.ar\/index.php?rest_route=\/wp\/v2\/product\/1143","targetHints":{"allow":["GET"]}}],"collection":[{"href":"https:\/\/online.dmgroup.com.ar\/index.php?rest_route=\/wp\/v2\/product"}],"about":[{"href":"https:\/\/online.dmgroup.com.ar\/index.php?rest_route=\/wp\/v2\/types\/product"}],"version-history":[{"count":0,"href":"https:\/\/online.dmgroup.com.ar\/index.php?rest_route=\/wp\/v2\/product\/1143\/revisions"}],"wp:featuredmedia":[{"embeddable":true,"href":"https:\/\/online.dmgroup.com.ar\/index.php?rest_route=\/wp\/v2\/media\/1142"}],"wp:attachment":[{"href":"https:\/\/online.dmgroup.com.ar\/index.php?rest_route=%2Fwp%2Fv2%2Fmedia&parent=1143"}],"wp:term":[{"taxonomy":"product_brand","embeddable":true,"href":"https:\/\/online.dmgroup.com.ar\/index.php?rest_route=%2Fwp%2Fv2%2Fproduct_brand&post=1143"},{"taxonomy":"product_cat","embeddable":true,"href":"https:\/\/online.dmgroup.com.ar\/index.php?rest_route=%2Fwp%2Fv2%2Fproduct_cat&post=1143"},{"taxonomy":"product_tag","embeddable":true,"href":"https:\/\/online.dmgroup.com.ar\/index.php?rest_route=%2Fwp%2Fv2%2Fproduct_tag&post=1143"}],"curies":[{"name":"wp","href":"https:\/\/api.w.org\/{rel}","templated":true}]}}