{"id":1219,"date":"2025-04-16T00:51:15","date_gmt":"2025-04-16T03:51:15","guid":{"rendered":"https:\/\/online.dmgroup.com.ar\/product\/cafetera-de-filtro-hd7767-00-philips\/"},"modified":"2026-02-05T11:34:11","modified_gmt":"2026-02-05T14:34:11","slug":"cafetera-de-filtro-hd7767-00-philips","status":"publish","type":"product","link":"https:\/\/online.dmgroup.com.ar\/?product=cafetera-de-filtro-hd7767-00-philips","title":{"rendered":"CAFETERA DE FILTRO HD7767\/00 PHILIPS"},"content":{"rendered":"<p>Capacidad 1,2 litros Apagado autom\u00e1tico S\u00ed Sistema antigoteo S\u00ed Otros Pantalla LCD<\/p>\n","protected":false},"excerpt":{"rendered":"<p>CAFETERA DE FILTRO HD7767-00 PHILIPS<\/p>\n","protected":false},"featured_media":1218,"template":"","meta":{"_acf_changed":false},"product_brand":[],"product_cat":[41],"product_tag":[],"class_list":{"0":"post-1219","1":"product","2":"type-product","3":"status-publish","4":"has-post-thumbnail","6":"product_cat-electrodomesticos","8":"first","9":"instock","10":"shipping-taxable","11":"product-type-simple"},"acf":[],"_links":{"self":[{"href":"https:\/\/online.dmgroup.com.ar\/index.php?rest_route=\/wp\/v2\/product\/1219","targetHints":{"allow":["GET"]}}],"collection":[{"href":"https:\/\/online.dmgroup.com.ar\/index.php?rest_route=\/wp\/v2\/product"}],"about":[{"href":"https:\/\/online.dmgroup.com.ar\/index.php?rest_route=\/wp\/v2\/types\/product"}],"version-history":[{"count":0,"href":"https:\/\/online.dmgroup.com.ar\/index.php?rest_route=\/wp\/v2\/product\/1219\/revisions"}],"wp:featuredmedia":[{"embeddable":true,"href":"https:\/\/online.dmgroup.com.ar\/index.php?rest_route=\/wp\/v2\/media\/1218"}],"wp:attachment":[{"href":"https:\/\/online.dmgroup.com.ar\/index.php?rest_route=%2Fwp%2Fv2%2Fmedia&parent=1219"}],"wp:term":[{"taxonomy":"product_brand","embeddable":true,"href":"https:\/\/online.dmgroup.com.ar\/index.php?rest_route=%2Fwp%2Fv2%2Fproduct_brand&post=1219"},{"taxonomy":"product_cat","embeddable":true,"href":"https:\/\/online.dmgroup.com.ar\/index.php?rest_route=%2Fwp%2Fv2%2Fproduct_cat&post=1219"},{"taxonomy":"product_tag","embeddable":true,"href":"https:\/\/online.dmgroup.com.ar\/index.php?rest_route=%2Fwp%2Fv2%2Fproduct_tag&post=1219"}],"curies":[{"name":"wp","href":"https:\/\/api.w.org\/{rel}","templated":true}]}}