{"id":1231,"date":"2025-04-17T00:50:16","date_gmt":"2025-04-17T03:50:16","guid":{"rendered":"https:\/\/online.dmgroup.com.ar\/product\/cafetera-electrica-express-roma-pro-telefunken\/"},"modified":"2026-02-05T11:34:28","modified_gmt":"2026-02-05T14:34:28","slug":"cafetera-electrica-express-roma-pro-telefunken","status":"publish","type":"product","link":"https:\/\/online.dmgroup.com.ar\/?product=cafetera-electrica-express-roma-pro-telefunken","title":{"rendered":"CAFETERA ELECTRICA EXPRESS ROMA PRO TELEFUNKEN"},"content":{"rendered":"<p>ROMA PRO CAFETERA ELECTRICA \u2022 Bomba Italiana de 21 Bares \u2022 Funci\u00f3n Caf\u00e9 simple y Caf\u00e9 doble \u2022 Sistema ThermoQuick \u2022 Espumador de intensidad regulable \u2022 Calentador de tazas<\/p>\n","protected":false},"excerpt":{"rendered":"<p>CAFETERA ELECTRICA EXPRESS ROMA PRO TELEFUNKEN<\/p>\n","protected":false},"featured_media":1230,"template":"","meta":{"_acf_changed":false},"product_brand":[],"product_cat":[41],"product_tag":[],"class_list":{"0":"post-1231","1":"product","2":"type-product","3":"status-publish","4":"has-post-thumbnail","6":"product_cat-electrodomesticos","8":"first","9":"instock","10":"shipping-taxable","11":"product-type-simple"},"acf":[],"_links":{"self":[{"href":"https:\/\/online.dmgroup.com.ar\/index.php?rest_route=\/wp\/v2\/product\/1231","targetHints":{"allow":["GET"]}}],"collection":[{"href":"https:\/\/online.dmgroup.com.ar\/index.php?rest_route=\/wp\/v2\/product"}],"about":[{"href":"https:\/\/online.dmgroup.com.ar\/index.php?rest_route=\/wp\/v2\/types\/product"}],"version-history":[{"count":0,"href":"https:\/\/online.dmgroup.com.ar\/index.php?rest_route=\/wp\/v2\/product\/1231\/revisions"}],"wp:featuredmedia":[{"embeddable":true,"href":"https:\/\/online.dmgroup.com.ar\/index.php?rest_route=\/wp\/v2\/media\/1230"}],"wp:attachment":[{"href":"https:\/\/online.dmgroup.com.ar\/index.php?rest_route=%2Fwp%2Fv2%2Fmedia&parent=1231"}],"wp:term":[{"taxonomy":"product_brand","embeddable":true,"href":"https:\/\/online.dmgroup.com.ar\/index.php?rest_route=%2Fwp%2Fv2%2Fproduct_brand&post=1231"},{"taxonomy":"product_cat","embeddable":true,"href":"https:\/\/online.dmgroup.com.ar\/index.php?rest_route=%2Fwp%2Fv2%2Fproduct_cat&post=1231"},{"taxonomy":"product_tag","embeddable":true,"href":"https:\/\/online.dmgroup.com.ar\/index.php?rest_route=%2Fwp%2Fv2%2Fproduct_tag&post=1231"}],"curies":[{"name":"wp","href":"https:\/\/api.w.org\/{rel}","templated":true}]}}