{"id":1249,"date":"2025-04-17T00:50:52","date_gmt":"2025-04-17T03:50:52","guid":{"rendered":"https:\/\/online.dmgroup.com.ar\/product\/cafetera-express-pe-ce4601ix-peabody\/"},"modified":"2026-02-05T11:35:15","modified_gmt":"2026-02-05T14:35:15","slug":"cafetera-express-pe-ce4601ix-peabody","status":"publish","type":"product","link":"https:\/\/online.dmgroup.com.ar\/?product=cafetera-express-pe-ce4601ix-peabody","title":{"rendered":"CAFETERA EXPRESS PE-CE4601IX PEABODY"},"content":{"rendered":"<p>Cafetera (PE-CE4601IX) &#8211; 850w de potencia. &#8211; Dep\u00f3sito de agua de 1 L de capacidad. &#8211; 15 bar de presi\u00f3n. &#8211; Caldera de r\u00e1pida recuperaci\u00f3n. &#8211; Funci\u00f3n precalentado de tazas. &#8211; Portafiltro de aluminio. &#8211; Espumador de leche. &#8211; Tanque de agua removible de f\u00e1cil carga y limpieza. https:&#8211;www.peabody.com.ar-producto-1-1-479-cafetera<\/p>\n","protected":false},"excerpt":{"rendered":"<p>CAFETERA EXPRESS PE-CE4601IX PEABODY<\/p>\n","protected":false},"featured_media":1248,"template":"","meta":{"_acf_changed":false},"product_brand":[],"product_cat":[41],"product_tag":[],"class_list":{"0":"post-1249","1":"product","2":"type-product","3":"status-publish","4":"has-post-thumbnail","6":"product_cat-electrodomesticos","8":"first","9":"instock","10":"shipping-taxable","11":"product-type-simple"},"acf":[],"_links":{"self":[{"href":"https:\/\/online.dmgroup.com.ar\/index.php?rest_route=\/wp\/v2\/product\/1249","targetHints":{"allow":["GET"]}}],"collection":[{"href":"https:\/\/online.dmgroup.com.ar\/index.php?rest_route=\/wp\/v2\/product"}],"about":[{"href":"https:\/\/online.dmgroup.com.ar\/index.php?rest_route=\/wp\/v2\/types\/product"}],"version-history":[{"count":0,"href":"https:\/\/online.dmgroup.com.ar\/index.php?rest_route=\/wp\/v2\/product\/1249\/revisions"}],"wp:featuredmedia":[{"embeddable":true,"href":"https:\/\/online.dmgroup.com.ar\/index.php?rest_route=\/wp\/v2\/media\/1248"}],"wp:attachment":[{"href":"https:\/\/online.dmgroup.com.ar\/index.php?rest_route=%2Fwp%2Fv2%2Fmedia&parent=1249"}],"wp:term":[{"taxonomy":"product_brand","embeddable":true,"href":"https:\/\/online.dmgroup.com.ar\/index.php?rest_route=%2Fwp%2Fv2%2Fproduct_brand&post=1249"},{"taxonomy":"product_cat","embeddable":true,"href":"https:\/\/online.dmgroup.com.ar\/index.php?rest_route=%2Fwp%2Fv2%2Fproduct_cat&post=1249"},{"taxonomy":"product_tag","embeddable":true,"href":"https:\/\/online.dmgroup.com.ar\/index.php?rest_route=%2Fwp%2Fv2%2Fproduct_tag&post=1249"}],"curies":[{"name":"wp","href":"https:\/\/api.w.org\/{rel}","templated":true}]}}