{"id":1291,"date":"2025-04-18T00:50:29","date_gmt":"2025-04-18T03:50:29","guid":{"rendered":"https:\/\/online.dmgroup.com.ar\/product\/calefactor-de-exterior-negro-vidrio-fogones-del-litoral\/"},"modified":"2026-02-05T11:36:35","modified_gmt":"2026-02-05T14:36:35","slug":"calefactor-de-exterior-negro-vidrio-fogones-del-litoral","status":"publish","type":"product","link":"https:\/\/online.dmgroup.com.ar\/?product=calefactor-de-exterior-negro-vidrio-fogones-del-litoral","title":{"rendered":"CALEFACTOR DE EXTERIOR NEGRO VIDRIO FOGONES DEL LITORAL"},"content":{"rendered":"<p>Calefactores de exterior vidriada \u2022 Es ideal para su uso privado o comercial. Su elegante dise\u00f1o se adapta a cualquier entorno.  \u2022 Nuestros calefactores son aptos para el uso de garrafas de 10 kg que se ubican en su amplio interior.  \u2022 El quemador de gas posee una v\u00e1lvula de seguridad que genera hasta 10.800 Kcal-H.  \u2022 En espacios abiertos tiene un radio de calefacci\u00f3n de 6 a 8 metros cuadrados, y en lugares semiabiertos o salones amplios tiene un alcance de hasta 20 metros cuadrados. \u2022 El centro de atenci\u00f3n es la llama, que se puede ver a trav\u00e9s de 4 grandes paneles de visualizaci\u00f3n hechos de vidrio templado.  \u2022 La llama de gas est\u00e1 rodeada por una hermosa decoraci\u00f3n de piedra volc\u00e1nica (pometina), la cual soporta fuertes vientos sin apagarse.  \u2022 Cuenta con cuatro ruedas que facilitan su desplazamiento.  \u2022 Ideal para jardines, terrazas, galer\u00edas, comercios, bares-restaurantes y salones de eventos. \u2022 NO INCLUYE GARRAFA NI REGULADOR. \u2022 Material: chapa de 20 pintada de ambos lados con pintura electrost\u00e1tica.  \u2022 Tipo de gas: envasado \u2022 Base: 410 x 410 mm \u2022 Altura: 1300 mm \u2022 Incluye: -V\u00e1lvula de seguridad -Piedra volc\u00e1nica (pometina) <\/p>\n","protected":false},"excerpt":{"rendered":"<p>CALEFACTOR DE EXTERIOR NEGRO VIDRIO FOGONES DEL LITORAL<\/p>\n","protected":false},"featured_media":1290,"template":"","meta":{"_acf_changed":false},"product_brand":[],"product_cat":[37],"product_tag":[],"class_list":{"0":"post-1291","1":"product","2":"type-product","3":"status-publish","4":"has-post-thumbnail","6":"product_cat-climatizacion","8":"first","9":"instock","10":"shipping-taxable","11":"product-type-simple"},"acf":[],"_links":{"self":[{"href":"https:\/\/online.dmgroup.com.ar\/index.php?rest_route=\/wp\/v2\/product\/1291","targetHints":{"allow":["GET"]}}],"collection":[{"href":"https:\/\/online.dmgroup.com.ar\/index.php?rest_route=\/wp\/v2\/product"}],"about":[{"href":"https:\/\/online.dmgroup.com.ar\/index.php?rest_route=\/wp\/v2\/types\/product"}],"version-history":[{"count":0,"href":"https:\/\/online.dmgroup.com.ar\/index.php?rest_route=\/wp\/v2\/product\/1291\/revisions"}],"wp:featuredmedia":[{"embeddable":true,"href":"https:\/\/online.dmgroup.com.ar\/index.php?rest_route=\/wp\/v2\/media\/1290"}],"wp:attachment":[{"href":"https:\/\/online.dmgroup.com.ar\/index.php?rest_route=%2Fwp%2Fv2%2Fmedia&parent=1291"}],"wp:term":[{"taxonomy":"product_brand","embeddable":true,"href":"https:\/\/online.dmgroup.com.ar\/index.php?rest_route=%2Fwp%2Fv2%2Fproduct_brand&post=1291"},{"taxonomy":"product_cat","embeddable":true,"href":"https:\/\/online.dmgroup.com.ar\/index.php?rest_route=%2Fwp%2Fv2%2Fproduct_cat&post=1291"},{"taxonomy":"product_tag","embeddable":true,"href":"https:\/\/online.dmgroup.com.ar\/index.php?rest_route=%2Fwp%2Fv2%2Fproduct_tag&post=1291"}],"curies":[{"name":"wp","href":"https:\/\/api.w.org\/{rel}","templated":true}]}}