{"id":1299,"date":"2025-04-18T00:50:41","date_gmt":"2025-04-18T03:50:41","guid":{"rendered":"https:\/\/online.dmgroup.com.ar\/product\/calefactor-electrico-1200w-con-giro-kb-2003-ken-brown\/"},"modified":"2026-02-05T11:36:47","modified_gmt":"2026-02-05T14:36:47","slug":"calefactor-electrico-1200w-con-giro-kb-2003-ken-brown","status":"publish","type":"product","link":"https:\/\/online.dmgroup.com.ar\/?product=calefactor-electrico-1200w-con-giro-kb-2003-ken-brown","title":{"rendered":"CALEFACTOR ELECTRICO 1200W CON GIRO KB-2003 KEN BROWN"},"content":{"rendered":"<p>Estufa el\u00e9ctrica Ken Brown KB-2003 Estufa el\u00e9ctrica de tubos hal\u00f3genos de larga duraci\u00f3n Potencia 400-800-1200 Watts Funci\u00f3n giratoria 3 niveles de temperatura Bot\u00f3n de encendido individual Protecci\u00f3n anti-touch Corte de energ\u00eda autom\u00e1tico Selector de temperatura Dimensiones 32.5 \u00d7 15 \u00d7 58 cm https:&#8211;ken-brown.com.ar-tienda-calefaccion-estufa-electrica-estufa-electrica-ken-brown-kb-2003-<\/p>\n","protected":false},"excerpt":{"rendered":"<p>CALEFACTOR ELECTRICO 1200W CON GIRO KB-2003 KEN BROWN<\/p>\n","protected":false},"featured_media":1298,"template":"","meta":{"_acf_changed":false},"product_brand":[],"product_cat":[37],"product_tag":[],"class_list":{"0":"post-1299","1":"product","2":"type-product","3":"status-publish","4":"has-post-thumbnail","6":"product_cat-climatizacion","8":"first","9":"instock","10":"shipping-taxable","11":"product-type-simple"},"acf":[],"_links":{"self":[{"href":"https:\/\/online.dmgroup.com.ar\/index.php?rest_route=\/wp\/v2\/product\/1299","targetHints":{"allow":["GET"]}}],"collection":[{"href":"https:\/\/online.dmgroup.com.ar\/index.php?rest_route=\/wp\/v2\/product"}],"about":[{"href":"https:\/\/online.dmgroup.com.ar\/index.php?rest_route=\/wp\/v2\/types\/product"}],"version-history":[{"count":0,"href":"https:\/\/online.dmgroup.com.ar\/index.php?rest_route=\/wp\/v2\/product\/1299\/revisions"}],"wp:featuredmedia":[{"embeddable":true,"href":"https:\/\/online.dmgroup.com.ar\/index.php?rest_route=\/wp\/v2\/media\/1298"}],"wp:attachment":[{"href":"https:\/\/online.dmgroup.com.ar\/index.php?rest_route=%2Fwp%2Fv2%2Fmedia&parent=1299"}],"wp:term":[{"taxonomy":"product_brand","embeddable":true,"href":"https:\/\/online.dmgroup.com.ar\/index.php?rest_route=%2Fwp%2Fv2%2Fproduct_brand&post=1299"},{"taxonomy":"product_cat","embeddable":true,"href":"https:\/\/online.dmgroup.com.ar\/index.php?rest_route=%2Fwp%2Fv2%2Fproduct_cat&post=1299"},{"taxonomy":"product_tag","embeddable":true,"href":"https:\/\/online.dmgroup.com.ar\/index.php?rest_route=%2Fwp%2Fv2%2Fproduct_tag&post=1299"}],"curies":[{"name":"wp","href":"https:\/\/api.w.org\/{rel}","templated":true}]}}