{"id":1303,"date":"2025-04-18T00:50:46","date_gmt":"2025-04-18T03:50:46","guid":{"rendered":"https:\/\/online.dmgroup.com.ar\/product\/calefactor-electrico-800w-kb-22n-ken-brown\/"},"modified":"2026-02-05T11:36:56","modified_gmt":"2026-02-05T14:36:56","slug":"calefactor-electrico-800w-kb-22n-ken-brown","status":"publish","type":"product","link":"https:\/\/online.dmgroup.com.ar\/?product=calefactor-electrico-800w-kb-22n-ken-brown","title":{"rendered":"CALEFACTOR ELECTRICO 800W KB-22N KEN BROWN"},"content":{"rendered":"<p>Estufa el\u00e9ctrica Ken Brown con dos velas infrarrojas y potencia hasta 800 Watts. Se puede regular a dos temperaturas diferentes. La base rebatible junto con la manija integrada es muy pr\u00e1ctica a la hora de mover y-o guardar la estufa. Como medida de seguridad, el fusible t\u00e9rmico est\u00e1 dise\u00f1ado para proteger el equipo.<\/p>\n","protected":false},"excerpt":{"rendered":"<p>CALEFACTOR ELECTRICO 800W KB-22N KEN BROWN<\/p>\n","protected":false},"featured_media":1302,"template":"","meta":{"_acf_changed":false},"product_brand":[],"product_cat":[37],"product_tag":[],"class_list":{"0":"post-1303","1":"product","2":"type-product","3":"status-publish","4":"has-post-thumbnail","6":"product_cat-climatizacion","8":"first","9":"instock","10":"shipping-taxable","11":"product-type-simple"},"acf":[],"_links":{"self":[{"href":"https:\/\/online.dmgroup.com.ar\/index.php?rest_route=\/wp\/v2\/product\/1303","targetHints":{"allow":["GET"]}}],"collection":[{"href":"https:\/\/online.dmgroup.com.ar\/index.php?rest_route=\/wp\/v2\/product"}],"about":[{"href":"https:\/\/online.dmgroup.com.ar\/index.php?rest_route=\/wp\/v2\/types\/product"}],"version-history":[{"count":0,"href":"https:\/\/online.dmgroup.com.ar\/index.php?rest_route=\/wp\/v2\/product\/1303\/revisions"}],"wp:featuredmedia":[{"embeddable":true,"href":"https:\/\/online.dmgroup.com.ar\/index.php?rest_route=\/wp\/v2\/media\/1302"}],"wp:attachment":[{"href":"https:\/\/online.dmgroup.com.ar\/index.php?rest_route=%2Fwp%2Fv2%2Fmedia&parent=1303"}],"wp:term":[{"taxonomy":"product_brand","embeddable":true,"href":"https:\/\/online.dmgroup.com.ar\/index.php?rest_route=%2Fwp%2Fv2%2Fproduct_brand&post=1303"},{"taxonomy":"product_cat","embeddable":true,"href":"https:\/\/online.dmgroup.com.ar\/index.php?rest_route=%2Fwp%2Fv2%2Fproduct_cat&post=1303"},{"taxonomy":"product_tag","embeddable":true,"href":"https:\/\/online.dmgroup.com.ar\/index.php?rest_route=%2Fwp%2Fv2%2Fproduct_tag&post=1303"}],"curies":[{"name":"wp","href":"https:\/\/api.w.org\/{rel}","templated":true}]}}