{"id":1313,"date":"2025-04-18T00:50:58","date_gmt":"2025-04-18T03:50:58","guid":{"rendered":"https:\/\/online.dmgroup.com.ar\/product\/calefon-14-lts-tiro-natural-315brvn-volcan\/"},"modified":"2026-02-05T11:37:10","modified_gmt":"2026-02-05T14:37:10","slug":"calefon-14-lts-tiro-natural-315brvn-volcan","status":"publish","type":"product","link":"https:\/\/online.dmgroup.com.ar\/?product=calefon-14-lts-tiro-natural-315brvn-volcan","title":{"rendered":"CALEFON 14 LTS TIRO NATURAL 315BRVN VOLCAN"},"content":{"rendered":"<p>315BRV CAPACIDAD: 14 litros por minuto TIRAJE: Natural Encendido piezoel\u00e9ctrico. Alto rendimiento y m\u00e1xima seguridad. M\u00ednimo nivel de mantenimiento. V\u00e1lvula de graduaci\u00f3n progresiva para una exacta regulaci\u00f3n de temperatura. Funciona con m\u00ednimo caudal y baja presi\u00f3n de agua. Doble sistema de seguridad con sensor de gases quemados y termocupla. Eficiencia energ\u00e9tica GN D GLP C<\/p>\n","protected":false},"excerpt":{"rendered":"<p>CALEFON 14 LTS TIRO NATURAL 315BRVN VOLCAN<\/p>\n","protected":false},"featured_media":1312,"template":"","meta":{"_acf_changed":false},"product_brand":[],"product_cat":[37],"product_tag":[],"class_list":{"0":"post-1313","1":"product","2":"type-product","3":"status-publish","4":"has-post-thumbnail","6":"product_cat-climatizacion","8":"first","9":"instock","10":"shipping-taxable","11":"product-type-simple"},"acf":[],"_links":{"self":[{"href":"https:\/\/online.dmgroup.com.ar\/index.php?rest_route=\/wp\/v2\/product\/1313","targetHints":{"allow":["GET"]}}],"collection":[{"href":"https:\/\/online.dmgroup.com.ar\/index.php?rest_route=\/wp\/v2\/product"}],"about":[{"href":"https:\/\/online.dmgroup.com.ar\/index.php?rest_route=\/wp\/v2\/types\/product"}],"version-history":[{"count":0,"href":"https:\/\/online.dmgroup.com.ar\/index.php?rest_route=\/wp\/v2\/product\/1313\/revisions"}],"wp:featuredmedia":[{"embeddable":true,"href":"https:\/\/online.dmgroup.com.ar\/index.php?rest_route=\/wp\/v2\/media\/1312"}],"wp:attachment":[{"href":"https:\/\/online.dmgroup.com.ar\/index.php?rest_route=%2Fwp%2Fv2%2Fmedia&parent=1313"}],"wp:term":[{"taxonomy":"product_brand","embeddable":true,"href":"https:\/\/online.dmgroup.com.ar\/index.php?rest_route=%2Fwp%2Fv2%2Fproduct_brand&post=1313"},{"taxonomy":"product_cat","embeddable":true,"href":"https:\/\/online.dmgroup.com.ar\/index.php?rest_route=%2Fwp%2Fv2%2Fproduct_cat&post=1313"},{"taxonomy":"product_tag","embeddable":true,"href":"https:\/\/online.dmgroup.com.ar\/index.php?rest_route=%2Fwp%2Fv2%2Fproduct_tag&post=1313"}],"curies":[{"name":"wp","href":"https:\/\/api.w.org\/{rel}","templated":true}]}}