{"id":1331,"date":"2025-04-19T00:50:17","date_gmt":"2025-04-19T03:50:17","guid":{"rendered":"https:\/\/online.dmgroup.com.ar\/product\/caloventor-digital-de-pared-uvc-2000w-negro-pe-cvu20n-peabody\/"},"modified":"2026-02-05T11:37:37","modified_gmt":"2026-02-05T14:37:37","slug":"caloventor-digital-de-pared-uvc-2000w-negro-pe-cvu20n-peabody","status":"publish","type":"product","link":"https:\/\/online.dmgroup.com.ar\/?product=caloventor-digital-de-pared-uvc-2000w-negro-pe-cvu20n-peabody","title":{"rendered":"CALOVENTOR DIGITAL DE PARED UVC 2000W NEGRO PE-CVU20N PEABODY"},"content":{"rendered":"<p>&#8211; Placa de vidrio curvo templado. &#8211; LED UVC Germicida: L\u00e1mpara UV + ionizador de aire &#8211; Ionizador de aire incorporado &#8211; Funciones: Viento- Potencia M\u00e1xima &#8211; Potencia M\u00ednima &#8211; Display LED con control de temperatura &#8211; Oscilaci\u00f3n para direccionar el calor &#8211; Control remoto para uso a distancia &#8211; Modo de ahorro de energ\u00eda &#8211; Apagado autom\u00e1tico por sobrecalentamiento &#8211; Espacio guardacable &#8211; Programaci\u00f3n de funcionamiento &#8211; Timer ON- Timer OFF<\/p>\n","protected":false},"excerpt":{"rendered":"<p>CALOVENTOR DIGITAL DE PARED UVC 2000W NEGRO PE-CVU20N PEABODY<\/p>\n","protected":false},"featured_media":1330,"template":"","meta":{"_acf_changed":false},"product_brand":[],"product_cat":[37],"product_tag":[],"class_list":{"0":"post-1331","1":"product","2":"type-product","3":"status-publish","4":"has-post-thumbnail","6":"product_cat-climatizacion","8":"first","9":"instock","10":"shipping-taxable","11":"product-type-simple"},"acf":[],"_links":{"self":[{"href":"https:\/\/online.dmgroup.com.ar\/index.php?rest_route=\/wp\/v2\/product\/1331","targetHints":{"allow":["GET"]}}],"collection":[{"href":"https:\/\/online.dmgroup.com.ar\/index.php?rest_route=\/wp\/v2\/product"}],"about":[{"href":"https:\/\/online.dmgroup.com.ar\/index.php?rest_route=\/wp\/v2\/types\/product"}],"version-history":[{"count":0,"href":"https:\/\/online.dmgroup.com.ar\/index.php?rest_route=\/wp\/v2\/product\/1331\/revisions"}],"wp:featuredmedia":[{"embeddable":true,"href":"https:\/\/online.dmgroup.com.ar\/index.php?rest_route=\/wp\/v2\/media\/1330"}],"wp:attachment":[{"href":"https:\/\/online.dmgroup.com.ar\/index.php?rest_route=%2Fwp%2Fv2%2Fmedia&parent=1331"}],"wp:term":[{"taxonomy":"product_brand","embeddable":true,"href":"https:\/\/online.dmgroup.com.ar\/index.php?rest_route=%2Fwp%2Fv2%2Fproduct_brand&post=1331"},{"taxonomy":"product_cat","embeddable":true,"href":"https:\/\/online.dmgroup.com.ar\/index.php?rest_route=%2Fwp%2Fv2%2Fproduct_cat&post=1331"},{"taxonomy":"product_tag","embeddable":true,"href":"https:\/\/online.dmgroup.com.ar\/index.php?rest_route=%2Fwp%2Fv2%2Fproduct_tag&post=1331"}],"curies":[{"name":"wp","href":"https:\/\/api.w.org\/{rel}","templated":true}]}}