{"id":1369,"date":"2025-04-19T00:51:21","date_gmt":"2025-04-19T03:51:21","guid":{"rendered":"https:\/\/online.dmgroup.com.ar\/product\/cama-elastica-3-05-mts-combo10ft-laury\/"},"modified":"2026-02-05T11:38:46","modified_gmt":"2026-02-05T14:38:46","slug":"cama-elastica-3-05-mts-combo10ft-laury","status":"publish","type":"product","link":"https:\/\/online.dmgroup.com.ar\/?product=cama-elastica-3-05-mts-combo10ft-laury","title":{"rendered":"CAMA ELASTICA 3.05 MTS COMBO10FT LAURY"},"content":{"rendered":"<p>CAMA ELASTICA C-RED DE SEGURIDAD 3.05 MTS. NORTHWEST 305 X 65 CMS. C-RED DE SEGURIDAD Construcci\u00f3n estable y s\u00f3lida, con estructura de acero y red de seguridad superior  Material de lana sint\u00e9tica resistente a roturas  Marco extra delgado con almohadillas que amortiguan golpes  Entradas con cierre de seguridad y hebillas de liberaci\u00f3n r\u00e1pida  Impermeable  MEDIDAS: 3.05 x 0.65 mts.  Estructura ca\u00f1os: 38 mm x 1.20 mm  Peso m\u00e1ximo soportado: 100 kgs.  Tiene 60 resortes.<\/p>\n","protected":false},"excerpt":{"rendered":"<p>CAMA ELASTICA 3.05 MTS COMBO10FT LAURY<\/p>\n","protected":false},"featured_media":1368,"template":"","meta":{"_acf_changed":false},"product_brand":[],"product_cat":[34],"product_tag":[],"class_list":{"0":"post-1369","1":"product","2":"type-product","3":"status-publish","4":"has-post-thumbnail","6":"product_cat-bebe-infancia","8":"first","9":"instock","10":"shipping-taxable","11":"product-type-simple"},"acf":[],"_links":{"self":[{"href":"https:\/\/online.dmgroup.com.ar\/index.php?rest_route=\/wp\/v2\/product\/1369","targetHints":{"allow":["GET"]}}],"collection":[{"href":"https:\/\/online.dmgroup.com.ar\/index.php?rest_route=\/wp\/v2\/product"}],"about":[{"href":"https:\/\/online.dmgroup.com.ar\/index.php?rest_route=\/wp\/v2\/types\/product"}],"version-history":[{"count":0,"href":"https:\/\/online.dmgroup.com.ar\/index.php?rest_route=\/wp\/v2\/product\/1369\/revisions"}],"wp:featuredmedia":[{"embeddable":true,"href":"https:\/\/online.dmgroup.com.ar\/index.php?rest_route=\/wp\/v2\/media\/1368"}],"wp:attachment":[{"href":"https:\/\/online.dmgroup.com.ar\/index.php?rest_route=%2Fwp%2Fv2%2Fmedia&parent=1369"}],"wp:term":[{"taxonomy":"product_brand","embeddable":true,"href":"https:\/\/online.dmgroup.com.ar\/index.php?rest_route=%2Fwp%2Fv2%2Fproduct_brand&post=1369"},{"taxonomy":"product_cat","embeddable":true,"href":"https:\/\/online.dmgroup.com.ar\/index.php?rest_route=%2Fwp%2Fv2%2Fproduct_cat&post=1369"},{"taxonomy":"product_tag","embeddable":true,"href":"https:\/\/online.dmgroup.com.ar\/index.php?rest_route=%2Fwp%2Fv2%2Fproduct_tag&post=1369"}],"curies":[{"name":"wp","href":"https:\/\/api.w.org\/{rel}","templated":true}]}}