{"id":1383,"date":"2025-04-20T00:50:17","date_gmt":"2025-04-20T03:50:17","guid":{"rendered":"https:\/\/online.dmgroup.com.ar\/product\/camara-ip-wifi-bullet-c3tn-1080p-ezviz\/"},"modified":"2026-02-05T11:39:10","modified_gmt":"2026-02-05T14:39:10","slug":"camara-ip-wifi-bullet-c3tn-1080p-ezviz","status":"publish","type":"product","link":"https:\/\/online.dmgroup.com.ar\/?product=camara-ip-wifi-bullet-c3tn-1080p-ezviz","title":{"rendered":"CAMARA IP WIFI BULLET C3TN 1080P EZVIZ"},"content":{"rendered":"<p>\u2022 Resoluci\u00f3n 1920 x 1080 \u2022 Visi\u00f3n nocturna ampliada \u2022 Iluminaci\u00f3n m\u00ednima 0,01 Lux (F1.6, AGC EIN) 0 Lux mit IR \u2022 Distancia de visi\u00f3n nocturna (modo de visi\u00f3n nocturna en blanco y negro) M\u00e1x. 30 m \u2022 Compresi\u00f3n H.265 &#8211; H.264 \u2022 30fps \u2022 3D DNR \u2022 DWR \u2022 slot MicroSD (hasta 256GB) \u2022 Detecci\u00f3n de movimiento \u2022 IP67 \u2022 Consumo m\u00e1x. 6W \u2022 12VDC<\/p>\n","protected":false},"excerpt":{"rendered":"<p>CAMARA IP WIFI BULLET C3TN 1080P EZVIZ<\/p>\n","protected":false},"featured_media":1382,"template":"","meta":{"_acf_changed":false},"product_brand":[],"product_cat":[46],"product_tag":[],"class_list":{"0":"post-1383","1":"product","2":"type-product","3":"status-publish","4":"has-post-thumbnail","6":"product_cat-audio-y-tecnologia","8":"first","9":"instock","10":"shipping-taxable","11":"product-type-simple"},"acf":[],"_links":{"self":[{"href":"https:\/\/online.dmgroup.com.ar\/index.php?rest_route=\/wp\/v2\/product\/1383","targetHints":{"allow":["GET"]}}],"collection":[{"href":"https:\/\/online.dmgroup.com.ar\/index.php?rest_route=\/wp\/v2\/product"}],"about":[{"href":"https:\/\/online.dmgroup.com.ar\/index.php?rest_route=\/wp\/v2\/types\/product"}],"version-history":[{"count":0,"href":"https:\/\/online.dmgroup.com.ar\/index.php?rest_route=\/wp\/v2\/product\/1383\/revisions"}],"wp:featuredmedia":[{"embeddable":true,"href":"https:\/\/online.dmgroup.com.ar\/index.php?rest_route=\/wp\/v2\/media\/1382"}],"wp:attachment":[{"href":"https:\/\/online.dmgroup.com.ar\/index.php?rest_route=%2Fwp%2Fv2%2Fmedia&parent=1383"}],"wp:term":[{"taxonomy":"product_brand","embeddable":true,"href":"https:\/\/online.dmgroup.com.ar\/index.php?rest_route=%2Fwp%2Fv2%2Fproduct_brand&post=1383"},{"taxonomy":"product_cat","embeddable":true,"href":"https:\/\/online.dmgroup.com.ar\/index.php?rest_route=%2Fwp%2Fv2%2Fproduct_cat&post=1383"},{"taxonomy":"product_tag","embeddable":true,"href":"https:\/\/online.dmgroup.com.ar\/index.php?rest_route=%2Fwp%2Fv2%2Fproduct_tag&post=1383"}],"curies":[{"name":"wp","href":"https:\/\/api.w.org\/{rel}","templated":true}]}}