{"id":1385,"date":"2025-04-20T00:50:20","date_gmt":"2025-04-20T03:50:20","guid":{"rendered":"https:\/\/online.dmgroup.com.ar\/product\/camara-ip-wifi-bullet-exterior-c3n-ezviz\/"},"modified":"2026-02-05T11:39:12","modified_gmt":"2026-02-05T14:39:12","slug":"camara-ip-wifi-bullet-exterior-c3n-ezviz","status":"publish","type":"product","link":"https:\/\/online.dmgroup.com.ar\/?product=camara-ip-wifi-bullet-exterior-c3n-ezviz","title":{"rendered":"CAMARA IP WIFI BULLET EXTERIOR C3N EZVIZ"},"content":{"rendered":"<p>Definici\u00f3n de la c\u00e1mara: 2MP. Capacidad de almacenamiento de 256GB. Micr\u00f3fono incluido. Incluye visi\u00f3n nocturna. Con sensor de movimiento. Ideal para control y seguridad de hogares, oficinas y edificios. Formatos de compresi\u00f3n de video: H.265 Distancia focal del lente: 2.8 mm Distancia de alcance nocturno: 30 m Clasificaci\u00f3n de resistencia al agua: IP67 https:&#8211;www.ezvizargentina.com.ar-camara-de-seguridad-ezviz-c3n-28mm-con-resolucion-de-2mp-vision-nocturna-incluida-blanca-p-MLA18639751?pdp_filters=seller_id:1085990051#position=1&amp;search_layout=stack&amp;type=item&amp;tracking_id=89be1f59-2a6d-4472-ac94-7db8428567c7<\/p>\n","protected":false},"excerpt":{"rendered":"<p>CAMARA IP WIFI BULLET EXTERIOR C3N EZVIZ<\/p>\n","protected":false},"featured_media":1384,"template":"","meta":{"_acf_changed":false},"product_brand":[],"product_cat":[46],"product_tag":[],"class_list":{"0":"post-1385","1":"product","2":"type-product","3":"status-publish","4":"has-post-thumbnail","6":"product_cat-audio-y-tecnologia","8":"first","9":"instock","10":"shipping-taxable","11":"product-type-simple"},"acf":[],"_links":{"self":[{"href":"https:\/\/online.dmgroup.com.ar\/index.php?rest_route=\/wp\/v2\/product\/1385","targetHints":{"allow":["GET"]}}],"collection":[{"href":"https:\/\/online.dmgroup.com.ar\/index.php?rest_route=\/wp\/v2\/product"}],"about":[{"href":"https:\/\/online.dmgroup.com.ar\/index.php?rest_route=\/wp\/v2\/types\/product"}],"version-history":[{"count":0,"href":"https:\/\/online.dmgroup.com.ar\/index.php?rest_route=\/wp\/v2\/product\/1385\/revisions"}],"wp:featuredmedia":[{"embeddable":true,"href":"https:\/\/online.dmgroup.com.ar\/index.php?rest_route=\/wp\/v2\/media\/1384"}],"wp:attachment":[{"href":"https:\/\/online.dmgroup.com.ar\/index.php?rest_route=%2Fwp%2Fv2%2Fmedia&parent=1385"}],"wp:term":[{"taxonomy":"product_brand","embeddable":true,"href":"https:\/\/online.dmgroup.com.ar\/index.php?rest_route=%2Fwp%2Fv2%2Fproduct_brand&post=1385"},{"taxonomy":"product_cat","embeddable":true,"href":"https:\/\/online.dmgroup.com.ar\/index.php?rest_route=%2Fwp%2Fv2%2Fproduct_cat&post=1385"},{"taxonomy":"product_tag","embeddable":true,"href":"https:\/\/online.dmgroup.com.ar\/index.php?rest_route=%2Fwp%2Fv2%2Fproduct_tag&post=1385"}],"curies":[{"name":"wp","href":"https:\/\/api.w.org\/{rel}","templated":true}]}}