{"id":1387,"date":"2025-04-20T00:50:24","date_gmt":"2025-04-20T03:50:24","guid":{"rendered":"https:\/\/online.dmgroup.com.ar\/product\/camara-ip-wifi-bullet-exterior-c3wpro-ezviz\/"},"modified":"2026-02-05T11:39:15","modified_gmt":"2026-02-05T14:39:15","slug":"camara-ip-wifi-bullet-exterior-c3wpro-ezviz","status":"publish","type":"product","link":"https:\/\/online.dmgroup.com.ar\/?product=camara-ip-wifi-bullet-exterior-c3wpro-ezviz","title":{"rendered":"CAMARA IP WIFI BULLET EXTERIOR C3WPRO EZVIZ"},"content":{"rendered":"<p>CARACTER\u00cdSTICAS -Transmisi\u00f3n de 4MP -Visi\u00f3n Nocturna a Color -Compresi\u00f3n de Video H.265 -Detecci\u00f3n de Personas con Tecnolog\u00eda de IA -Alertas de Voz Personalizadas -Conversaci\u00f3n Bidireccional -Soporta Tarjeta MicroSD (hasta 256 GB) -Protecci\u00f3n Contra Polvo y Agua IP67 -Defensa activa con luz y sonido -Distancia focal del lente 2.8 m -Distancia de alcance nocturno 30 m https:&#8211;www.ezvizargentina.com.ar-MLA-1145012900-camara-seguridad-ip-wifi-ezviz-exterior-color-audio-_JM#position=1&amp;search_layout=stack&amp;type=item&amp;tracking_id=16de495a-1f27-41cc-9aa5-cf21999ad9cc <\/p>\n","protected":false},"excerpt":{"rendered":"<p>CAMARA IP WIFI BULLET EXTERIOR C3WPRO EZVIZ<\/p>\n","protected":false},"featured_media":1386,"template":"","meta":{"_acf_changed":false},"product_brand":[],"product_cat":[46],"product_tag":[],"class_list":{"0":"post-1387","1":"product","2":"type-product","3":"status-publish","4":"has-post-thumbnail","6":"product_cat-audio-y-tecnologia","8":"first","9":"instock","10":"shipping-taxable","11":"product-type-simple"},"acf":[],"_links":{"self":[{"href":"https:\/\/online.dmgroup.com.ar\/index.php?rest_route=\/wp\/v2\/product\/1387","targetHints":{"allow":["GET"]}}],"collection":[{"href":"https:\/\/online.dmgroup.com.ar\/index.php?rest_route=\/wp\/v2\/product"}],"about":[{"href":"https:\/\/online.dmgroup.com.ar\/index.php?rest_route=\/wp\/v2\/types\/product"}],"version-history":[{"count":0,"href":"https:\/\/online.dmgroup.com.ar\/index.php?rest_route=\/wp\/v2\/product\/1387\/revisions"}],"wp:featuredmedia":[{"embeddable":true,"href":"https:\/\/online.dmgroup.com.ar\/index.php?rest_route=\/wp\/v2\/media\/1386"}],"wp:attachment":[{"href":"https:\/\/online.dmgroup.com.ar\/index.php?rest_route=%2Fwp%2Fv2%2Fmedia&parent=1387"}],"wp:term":[{"taxonomy":"product_brand","embeddable":true,"href":"https:\/\/online.dmgroup.com.ar\/index.php?rest_route=%2Fwp%2Fv2%2Fproduct_brand&post=1387"},{"taxonomy":"product_cat","embeddable":true,"href":"https:\/\/online.dmgroup.com.ar\/index.php?rest_route=%2Fwp%2Fv2%2Fproduct_cat&post=1387"},{"taxonomy":"product_tag","embeddable":true,"href":"https:\/\/online.dmgroup.com.ar\/index.php?rest_route=%2Fwp%2Fv2%2Fproduct_tag&post=1387"}],"curies":[{"name":"wp","href":"https:\/\/api.w.org\/{rel}","templated":true}]}}