{"id":1472,"date":"2025-04-21T00:51:17","date_gmt":"2025-04-21T03:51:17","guid":{"rendered":"https:\/\/online.dmgroup.com.ar\/product\/carro-plegable-p-herramientas-bxwth200-blackdeker\/"},"modified":"2026-02-05T11:41:28","modified_gmt":"2026-02-05T14:41:28","slug":"carro-plegable-p-herramientas-bxwth200-blackdeker","status":"publish","type":"product","link":"https:\/\/online.dmgroup.com.ar\/?product=carro-plegable-p-herramientas-bxwth200-blackdeker","title":{"rendered":"CARRO PLEGABLE P\/HERRAMIENTAS BXWTH200 BLACK&amp;DEKER"},"content":{"rendered":"<p>Carro zorra plegable Black + Decker Marca: Black + Decker Caracter\u00edsticas: &#8211; Hecho de acero resistente y duradero. &#8211; Mango de agarre ajustable de TPR. &#8211; Contiene una cuerda el\u00e1stica para sujetar. &#8211; Dise\u00f1o compacto y ligero. &#8211; Ruedas de goma de 12,7 x 4 cm. &#8211; Tama\u00f1o plegado (aproximado): 39 x 6 x 73 cm. &#8211; Placa base de aluminio: 39 x 29 cm. &#8211; Capacidad m\u00e1xima de carga: 65 kg.<\/p>\n","protected":false},"excerpt":{"rendered":"<p>CARRO PLEGABLE P-HERRAMIENTAS BXWTH200 BLACK&amp;DEKER<\/p>\n","protected":false},"featured_media":1471,"template":"","meta":{"_acf_changed":false},"product_brand":[],"product_cat":[42],"product_tag":[],"class_list":{"0":"post-1472","1":"product","2":"type-product","3":"status-publish","4":"has-post-thumbnail","6":"product_cat-ferreteria","8":"first","9":"instock","10":"shipping-taxable","11":"product-type-simple"},"acf":[],"_links":{"self":[{"href":"https:\/\/online.dmgroup.com.ar\/index.php?rest_route=\/wp\/v2\/product\/1472","targetHints":{"allow":["GET"]}}],"collection":[{"href":"https:\/\/online.dmgroup.com.ar\/index.php?rest_route=\/wp\/v2\/product"}],"about":[{"href":"https:\/\/online.dmgroup.com.ar\/index.php?rest_route=\/wp\/v2\/types\/product"}],"version-history":[{"count":0,"href":"https:\/\/online.dmgroup.com.ar\/index.php?rest_route=\/wp\/v2\/product\/1472\/revisions"}],"wp:featuredmedia":[{"embeddable":true,"href":"https:\/\/online.dmgroup.com.ar\/index.php?rest_route=\/wp\/v2\/media\/1471"}],"wp:attachment":[{"href":"https:\/\/online.dmgroup.com.ar\/index.php?rest_route=%2Fwp%2Fv2%2Fmedia&parent=1472"}],"wp:term":[{"taxonomy":"product_brand","embeddable":true,"href":"https:\/\/online.dmgroup.com.ar\/index.php?rest_route=%2Fwp%2Fv2%2Fproduct_brand&post=1472"},{"taxonomy":"product_cat","embeddable":true,"href":"https:\/\/online.dmgroup.com.ar\/index.php?rest_route=%2Fwp%2Fv2%2Fproduct_cat&post=1472"},{"taxonomy":"product_tag","embeddable":true,"href":"https:\/\/online.dmgroup.com.ar\/index.php?rest_route=%2Fwp%2Fv2%2Fproduct_tag&post=1472"}],"curies":[{"name":"wp","href":"https:\/\/api.w.org\/{rel}","templated":true}]}}