{"id":1562,"date":"2025-04-23T00:51:14","date_gmt":"2025-04-23T03:51:14","guid":{"rendered":"https:\/\/online.dmgroup.com.ar\/product\/cochecito-de-bebe-cmi-500-milan-black-stark\/"},"modified":"2026-02-05T11:43:32","modified_gmt":"2026-02-05T14:43:32","slug":"cochecito-de-bebe-cmi-500-milan-black-stark","status":"publish","type":"product","link":"https:\/\/online.dmgroup.com.ar\/?product=cochecito-de-bebe-cmi-500-milan-black-stark","title":{"rendered":"COCHECITO DE BEBE CMI-500 MILAN BLACK STARK"},"content":{"rendered":"<p>VIAJES SEGUROS Y C\u00d3MODOS Manija desplegable &#8211;  Pliegue r\u00e1pido &#8211; Tapizado extra\u00edble &#8211; F\u00e1cil transporte &#8211; Capota m\u00f3vil y reclinable &#8211; Sistema de seguridad cintur\u00f3n quintuple &#8211; Cintur\u00f3n de seguridad &#8211; Ruedas con amortiguaci\u00f3n &#8211; Canasto porta objetos &#8211; Incluye red de protecci\u00f3n contra insectos  Chasis de Aluminio, ultra liviano Rueda Delantera 14cm Rueda Trasera 19cm<\/p>\n","protected":false},"excerpt":{"rendered":"<p>COCHECITO DE BEBE CMI-500 MILAN BLACK STARK<\/p>\n","protected":false},"featured_media":1561,"template":"","meta":{"_acf_changed":false},"product_brand":[],"product_cat":[34],"product_tag":[],"class_list":{"0":"post-1562","1":"product","2":"type-product","3":"status-publish","4":"has-post-thumbnail","6":"product_cat-bebe-infancia","8":"first","9":"instock","10":"shipping-taxable","11":"product-type-simple"},"acf":[],"_links":{"self":[{"href":"https:\/\/online.dmgroup.com.ar\/index.php?rest_route=\/wp\/v2\/product\/1562","targetHints":{"allow":["GET"]}}],"collection":[{"href":"https:\/\/online.dmgroup.com.ar\/index.php?rest_route=\/wp\/v2\/product"}],"about":[{"href":"https:\/\/online.dmgroup.com.ar\/index.php?rest_route=\/wp\/v2\/types\/product"}],"version-history":[{"count":0,"href":"https:\/\/online.dmgroup.com.ar\/index.php?rest_route=\/wp\/v2\/product\/1562\/revisions"}],"wp:featuredmedia":[{"embeddable":true,"href":"https:\/\/online.dmgroup.com.ar\/index.php?rest_route=\/wp\/v2\/media\/1561"}],"wp:attachment":[{"href":"https:\/\/online.dmgroup.com.ar\/index.php?rest_route=%2Fwp%2Fv2%2Fmedia&parent=1562"}],"wp:term":[{"taxonomy":"product_brand","embeddable":true,"href":"https:\/\/online.dmgroup.com.ar\/index.php?rest_route=%2Fwp%2Fv2%2Fproduct_brand&post=1562"},{"taxonomy":"product_cat","embeddable":true,"href":"https:\/\/online.dmgroup.com.ar\/index.php?rest_route=%2Fwp%2Fv2%2Fproduct_cat&post=1562"},{"taxonomy":"product_tag","embeddable":true,"href":"https:\/\/online.dmgroup.com.ar\/index.php?rest_route=%2Fwp%2Fv2%2Fproduct_tag&post=1562"}],"curies":[{"name":"wp","href":"https:\/\/api.w.org\/{rel}","templated":true}]}}