{"id":1564,"date":"2025-04-23T00:51:19","date_gmt":"2025-04-23T03:51:19","guid":{"rendered":"https:\/\/online.dmgroup.com.ar\/product\/cochecito-de-bebe-cmi-500-milan-grey-stark\/"},"modified":"2026-02-05T11:43:34","modified_gmt":"2026-02-05T14:43:34","slug":"cochecito-de-bebe-cmi-500-milan-grey-stark","status":"publish","type":"product","link":"https:\/\/online.dmgroup.com.ar\/?product=cochecito-de-bebe-cmi-500-milan-grey-stark","title":{"rendered":"COCHECITO DE BEBE CMI-500 MILAN GREY STARK"},"content":{"rendered":"<p>VIAJES SEGUROS Y C\u00d3MODOS Tolera hasta 18kg Manija desplegable  Pliegue r\u00e1pido  Tapizado extra\u00edble  F\u00e1cil transporte  Capota m\u00f3vil y reclinable  Sistema de seguridad cintur\u00f3n qu\u00edntuple  Cintur\u00f3n de seguridad  Ruedas con amortiguaci\u00f3n  Canasto porta objetos  Incluye red de protecci\u00f3n contra insectos  Chasis de Aluminio, ultra liviano Rueda Delantera 14cm Rueda Trasera 19cm<\/p>\n","protected":false},"excerpt":{"rendered":"<p>COCHECITO DE BEBE CMI-500 MILAN GREY STARK<\/p>\n","protected":false},"featured_media":1563,"template":"","meta":{"_acf_changed":false},"product_brand":[],"product_cat":[34],"product_tag":[],"class_list":{"0":"post-1564","1":"product","2":"type-product","3":"status-publish","4":"has-post-thumbnail","6":"product_cat-bebe-infancia","8":"first","9":"instock","10":"shipping-taxable","11":"product-type-simple"},"acf":[],"_links":{"self":[{"href":"https:\/\/online.dmgroup.com.ar\/index.php?rest_route=\/wp\/v2\/product\/1564","targetHints":{"allow":["GET"]}}],"collection":[{"href":"https:\/\/online.dmgroup.com.ar\/index.php?rest_route=\/wp\/v2\/product"}],"about":[{"href":"https:\/\/online.dmgroup.com.ar\/index.php?rest_route=\/wp\/v2\/types\/product"}],"version-history":[{"count":0,"href":"https:\/\/online.dmgroup.com.ar\/index.php?rest_route=\/wp\/v2\/product\/1564\/revisions"}],"wp:featuredmedia":[{"embeddable":true,"href":"https:\/\/online.dmgroup.com.ar\/index.php?rest_route=\/wp\/v2\/media\/1563"}],"wp:attachment":[{"href":"https:\/\/online.dmgroup.com.ar\/index.php?rest_route=%2Fwp%2Fv2%2Fmedia&parent=1564"}],"wp:term":[{"taxonomy":"product_brand","embeddable":true,"href":"https:\/\/online.dmgroup.com.ar\/index.php?rest_route=%2Fwp%2Fv2%2Fproduct_brand&post=1564"},{"taxonomy":"product_cat","embeddable":true,"href":"https:\/\/online.dmgroup.com.ar\/index.php?rest_route=%2Fwp%2Fv2%2Fproduct_cat&post=1564"},{"taxonomy":"product_tag","embeddable":true,"href":"https:\/\/online.dmgroup.com.ar\/index.php?rest_route=%2Fwp%2Fv2%2Fproduct_tag&post=1564"}],"curies":[{"name":"wp","href":"https:\/\/api.w.org\/{rel}","templated":true}]}}