{"id":1566,"date":"2025-04-23T00:51:24","date_gmt":"2025-04-23T03:51:24","guid":{"rendered":"https:\/\/online.dmgroup.com.ar\/product\/cochecito-de-bebe-cpa-500-paris-green-stark\/"},"modified":"2026-02-05T11:43:36","modified_gmt":"2026-02-05T14:43:36","slug":"cochecito-de-bebe-cpa-500-paris-green-stark","status":"publish","type":"product","link":"https:\/\/online.dmgroup.com.ar\/?product=cochecito-de-bebe-cpa-500-paris-green-stark","title":{"rendered":"COCHECITO DE BEBE CPA-500 PARIS GREEN STARK"},"content":{"rendered":"<p>Manija desplegable &#8211;  Pliegue r\u00e1pido &#8211; Tapizado extra\u00edble &#8211; Porta bebidas &#8211; F\u00e1cil transporte &#8211; Capota m\u00f3vil y reclinable &#8211; Sistema de seguridad cintur\u00f3n quintuple &#8211; Cintur\u00f3n de seguridad &#8211; Ruedas con amortiguaci\u00f3n &#8211; Canasto porta objetos &#8211; Ventilaci\u00f3n y visor por red 1Chasis de Aluminio, ultra liviano Rueda Delantera 12,5cm Rueda Trasera 16c<\/p>\n","protected":false},"excerpt":{"rendered":"<p>COCHECITO DE BEBE CPA-500 PARIS GREEN STARK<\/p>\n","protected":false},"featured_media":1565,"template":"","meta":{"_acf_changed":false},"product_brand":[],"product_cat":[34],"product_tag":[],"class_list":{"0":"post-1566","1":"product","2":"type-product","3":"status-publish","4":"has-post-thumbnail","6":"product_cat-bebe-infancia","8":"first","9":"instock","10":"shipping-taxable","11":"product-type-simple"},"acf":[],"_links":{"self":[{"href":"https:\/\/online.dmgroup.com.ar\/index.php?rest_route=\/wp\/v2\/product\/1566","targetHints":{"allow":["GET"]}}],"collection":[{"href":"https:\/\/online.dmgroup.com.ar\/index.php?rest_route=\/wp\/v2\/product"}],"about":[{"href":"https:\/\/online.dmgroup.com.ar\/index.php?rest_route=\/wp\/v2\/types\/product"}],"version-history":[{"count":0,"href":"https:\/\/online.dmgroup.com.ar\/index.php?rest_route=\/wp\/v2\/product\/1566\/revisions"}],"wp:featuredmedia":[{"embeddable":true,"href":"https:\/\/online.dmgroup.com.ar\/index.php?rest_route=\/wp\/v2\/media\/1565"}],"wp:attachment":[{"href":"https:\/\/online.dmgroup.com.ar\/index.php?rest_route=%2Fwp%2Fv2%2Fmedia&parent=1566"}],"wp:term":[{"taxonomy":"product_brand","embeddable":true,"href":"https:\/\/online.dmgroup.com.ar\/index.php?rest_route=%2Fwp%2Fv2%2Fproduct_brand&post=1566"},{"taxonomy":"product_cat","embeddable":true,"href":"https:\/\/online.dmgroup.com.ar\/index.php?rest_route=%2Fwp%2Fv2%2Fproduct_cat&post=1566"},{"taxonomy":"product_tag","embeddable":true,"href":"https:\/\/online.dmgroup.com.ar\/index.php?rest_route=%2Fwp%2Fv2%2Fproduct_tag&post=1566"}],"curies":[{"name":"wp","href":"https:\/\/api.w.org\/{rel}","templated":true}]}}