{"id":1574,"date":"2025-04-23T00:51:38","date_gmt":"2025-04-23T03:51:38","guid":{"rendered":"https:\/\/online.dmgroup.com.ar\/product\/cocina-4-hornallas-blanca-483v-hn-turena\/"},"modified":"2026-02-05T11:43:45","modified_gmt":"2026-02-05T14:43:45","slug":"cocina-4-hornallas-blanca-483v-hn-turena","status":"publish","type":"product","link":"https:\/\/online.dmgroup.com.ar\/?product=cocina-4-hornallas-blanca-483v-hn-turena","title":{"rendered":"COCINA 4 HORNALLAS BLANCA 483V\/HN TURENA"},"content":{"rendered":"<p>Caracter\u00edsticas: Ancho 55cm. Alto 87 cm. Prof.: 57 cm. Peso aprox.: 40kg. Puerta de vidrio negro. Plancha Superior: Es una amplia bandeja recolectora desmontable de 1250 cm3 de capacidad antiderrame y f\u00e1cil limpieza. Rejilla Superior: De acero enlozada y gran solidez. Panel de Mandos: Esmaltado, de f\u00e1cil manejo, equipado con v\u00e1lvulas de seguridad en el horno y en las hornallas, en caso de ausencia de llama, corta el paso del gas al mismo. Horno: Gran capacidad 64l , con enlozado autolimpiante, \u00f3ptimo balance t\u00e9rmico y calor envolvente, aseguran una cocci\u00f3n pareja y uniforme de los alimentos. Rejilla de Horno: Regulable en 3 posiciones. Parrilla: De generosas dimensiones, permite asar alimentos de considerable tama\u00f1o, como pollos sin trozar. Laterales: Con excelente aislamiento t\u00e9rmico que protege sus muebles de cocina.<\/p>\n","protected":false},"excerpt":{"rendered":"<p>COCINA 4 HORNALLAS BLANCA 483V-HN TURENA<\/p>\n","protected":false},"featured_media":1573,"template":"","meta":{"_acf_changed":false},"product_brand":[],"product_cat":[39],"product_tag":[],"class_list":{"0":"post-1574","1":"product","2":"type-product","3":"status-publish","4":"has-post-thumbnail","6":"product_cat-cocina-de-hogar","8":"first","9":"instock","10":"shipping-taxable","11":"product-type-simple"},"acf":[],"_links":{"self":[{"href":"https:\/\/online.dmgroup.com.ar\/index.php?rest_route=\/wp\/v2\/product\/1574","targetHints":{"allow":["GET"]}}],"collection":[{"href":"https:\/\/online.dmgroup.com.ar\/index.php?rest_route=\/wp\/v2\/product"}],"about":[{"href":"https:\/\/online.dmgroup.com.ar\/index.php?rest_route=\/wp\/v2\/types\/product"}],"version-history":[{"count":0,"href":"https:\/\/online.dmgroup.com.ar\/index.php?rest_route=\/wp\/v2\/product\/1574\/revisions"}],"wp:featuredmedia":[{"embeddable":true,"href":"https:\/\/online.dmgroup.com.ar\/index.php?rest_route=\/wp\/v2\/media\/1573"}],"wp:attachment":[{"href":"https:\/\/online.dmgroup.com.ar\/index.php?rest_route=%2Fwp%2Fv2%2Fmedia&parent=1574"}],"wp:term":[{"taxonomy":"product_brand","embeddable":true,"href":"https:\/\/online.dmgroup.com.ar\/index.php?rest_route=%2Fwp%2Fv2%2Fproduct_brand&post=1574"},{"taxonomy":"product_cat","embeddable":true,"href":"https:\/\/online.dmgroup.com.ar\/index.php?rest_route=%2Fwp%2Fv2%2Fproduct_cat&post=1574"},{"taxonomy":"product_tag","embeddable":true,"href":"https:\/\/online.dmgroup.com.ar\/index.php?rest_route=%2Fwp%2Fv2%2Fproduct_tag&post=1574"}],"curies":[{"name":"wp","href":"https:\/\/api.w.org\/{rel}","templated":true}]}}