{"id":1586,"date":"2025-04-24T00:50:15","date_gmt":"2025-04-24T03:50:15","guid":{"rendered":"https:\/\/online.dmgroup.com.ar\/product\/cocina-4-hornallas-puerta-ciega-82cm-716-sol-real\/"},"modified":"2026-02-05T11:43:58","modified_gmt":"2026-02-05T14:43:58","slug":"cocina-4-hornallas-puerta-ciega-82cm-716-sol-real","status":"publish","type":"product","link":"https:\/\/online.dmgroup.com.ar\/?product=cocina-4-hornallas-puerta-ciega-82cm-716-sol-real","title":{"rendered":"COCINA 4 HORNALLAS PUERTA CIEGA 82CM 716 SOL REAL"},"content":{"rendered":"<p>716 &#8211; COCINA 4 HORNALLAS &#8211; L\u00cdNEA MODULAR 700  Gabinete 100% acero inoxidable esmerilado. Aislaci\u00f3n t\u00e9rmica con lana mineral. Interior horno enlozado con piso de tejuelas refractarias. Incluye dos rejillas extra\u00edbles de 65 x 60 cm. Horno con v\u00e1lvula de seguridad. Rejas de fundici\u00f3n enlozadas. Bandejas antiderrame desmontables. Patas regulables. Incluye dos mecheros estrella de 9.000 Kcal-h cada uno. Puerta de acero inoxidable esmerilado en exterior e interior enlozado, con manija cromada, bisagras embutidas y pir\u00f3metro anal\u00f3gico. Kilocalor\u00edas-h: 35.000 https:&#8211;solreal.com-index.php?route=product-product&amp;path=20_25&amp;product_id=86<\/p>\n","protected":false},"excerpt":{"rendered":"<p>COCINA 4 HORNALLAS PUERTA CIEGA 82CM 716 SOL REAL<\/p>\n","protected":false},"featured_media":1585,"template":"","meta":{"_acf_changed":false},"product_brand":[],"product_cat":[38],"product_tag":[],"class_list":{"0":"post-1586","1":"product","2":"type-product","3":"status-publish","4":"has-post-thumbnail","6":"product_cat-cocina-comercial","8":"first","9":"instock","10":"shipping-taxable","11":"product-type-simple"},"acf":[],"_links":{"self":[{"href":"https:\/\/online.dmgroup.com.ar\/index.php?rest_route=\/wp\/v2\/product\/1586","targetHints":{"allow":["GET"]}}],"collection":[{"href":"https:\/\/online.dmgroup.com.ar\/index.php?rest_route=\/wp\/v2\/product"}],"about":[{"href":"https:\/\/online.dmgroup.com.ar\/index.php?rest_route=\/wp\/v2\/types\/product"}],"version-history":[{"count":0,"href":"https:\/\/online.dmgroup.com.ar\/index.php?rest_route=\/wp\/v2\/product\/1586\/revisions"}],"wp:featuredmedia":[{"embeddable":true,"href":"https:\/\/online.dmgroup.com.ar\/index.php?rest_route=\/wp\/v2\/media\/1585"}],"wp:attachment":[{"href":"https:\/\/online.dmgroup.com.ar\/index.php?rest_route=%2Fwp%2Fv2%2Fmedia&parent=1586"}],"wp:term":[{"taxonomy":"product_brand","embeddable":true,"href":"https:\/\/online.dmgroup.com.ar\/index.php?rest_route=%2Fwp%2Fv2%2Fproduct_brand&post=1586"},{"taxonomy":"product_cat","embeddable":true,"href":"https:\/\/online.dmgroup.com.ar\/index.php?rest_route=%2Fwp%2Fv2%2Fproduct_cat&post=1586"},{"taxonomy":"product_tag","embeddable":true,"href":"https:\/\/online.dmgroup.com.ar\/index.php?rest_route=%2Fwp%2Fv2%2Fproduct_tag&post=1586"}],"curies":[{"name":"wp","href":"https:\/\/api.w.org\/{rel}","templated":true}]}}