{"id":1592,"date":"2025-04-24T00:50:22","date_gmt":"2025-04-24T03:50:22","guid":{"rendered":"https:\/\/online.dmgroup.com.ar\/product\/cocina-4-hornallas-puerta-vidrio-516mgv-sol-real\/"},"modified":"2026-02-05T11:44:05","modified_gmt":"2026-02-05T14:44:05","slug":"cocina-4-hornallas-puerta-vidrio-516mgv-sol-real","status":"publish","type":"product","link":"https:\/\/online.dmgroup.com.ar\/?product=cocina-4-hornallas-puerta-vidrio-516mgv-sol-real","title":{"rendered":"COCINA 4 HORNALLAS PUERTA VIDRIO 516MGV SOL REAL"},"content":{"rendered":"<p>Gabinete 100% acero inox. esmerilado. Aislaci\u00f3n t\u00e9rmica con lana mineral. Interior horno enlozado con piso de tejuelas refractarias, posee en el mismo visor de encendido mechero con f\u00e1cil acceso. Incluye dos rejillas extra\u00edbles de 40 x 40 cm. Horno con v\u00e1lvula de seguridad. Rejas de fundici\u00f3n. Bandeja antiderrame fija, con posibilidad de ser desmontada, mediante tornillos de f\u00e1cil acceso (S\u00f3lo gasistas matriculados). Puerta de vidrio templado en exterior e interior enlozado con manija met\u00e1lica (pintura epoxi humo gris liso), bisagras embutidas y pir\u00f3metro anal\u00f3gico.  Indicador m\u00e1x. &#8211; min de perillas y especificaci\u00f3n de hornallas realizadas con serigraf\u00eda l\u00e1ser. Kilocalor\u00edas-h: 13.300 <\/p>\n","protected":false},"excerpt":{"rendered":"<p>COCINA 4 HORNALLAS PUERTA VIDRIO 516MGV SOL REAL<\/p>\n","protected":false},"featured_media":1591,"template":"","meta":{"_acf_changed":false},"product_brand":[],"product_cat":[38],"product_tag":[],"class_list":{"0":"post-1592","1":"product","2":"type-product","3":"status-publish","4":"has-post-thumbnail","6":"product_cat-cocina-comercial","8":"first","9":"instock","10":"shipping-taxable","11":"product-type-simple"},"acf":[],"_links":{"self":[{"href":"https:\/\/online.dmgroup.com.ar\/index.php?rest_route=\/wp\/v2\/product\/1592","targetHints":{"allow":["GET"]}}],"collection":[{"href":"https:\/\/online.dmgroup.com.ar\/index.php?rest_route=\/wp\/v2\/product"}],"about":[{"href":"https:\/\/online.dmgroup.com.ar\/index.php?rest_route=\/wp\/v2\/types\/product"}],"version-history":[{"count":0,"href":"https:\/\/online.dmgroup.com.ar\/index.php?rest_route=\/wp\/v2\/product\/1592\/revisions"}],"wp:featuredmedia":[{"embeddable":true,"href":"https:\/\/online.dmgroup.com.ar\/index.php?rest_route=\/wp\/v2\/media\/1591"}],"wp:attachment":[{"href":"https:\/\/online.dmgroup.com.ar\/index.php?rest_route=%2Fwp%2Fv2%2Fmedia&parent=1592"}],"wp:term":[{"taxonomy":"product_brand","embeddable":true,"href":"https:\/\/online.dmgroup.com.ar\/index.php?rest_route=%2Fwp%2Fv2%2Fproduct_brand&post=1592"},{"taxonomy":"product_cat","embeddable":true,"href":"https:\/\/online.dmgroup.com.ar\/index.php?rest_route=%2Fwp%2Fv2%2Fproduct_cat&post=1592"},{"taxonomy":"product_tag","embeddable":true,"href":"https:\/\/online.dmgroup.com.ar\/index.php?rest_route=%2Fwp%2Fv2%2Fproduct_tag&post=1592"}],"curies":[{"name":"wp","href":"https:\/\/api.w.org\/{rel}","templated":true}]}}