{"id":1600,"date":"2025-04-24T00:50:35","date_gmt":"2025-04-24T03:50:35","guid":{"rendered":"https:\/\/online.dmgroup.com.ar\/product\/cocina-51-cm-palace-cristal-blanca-escorial\/"},"modified":"2026-02-05T11:44:14","modified_gmt":"2026-02-05T14:44:14","slug":"cocina-51-cm-palace-cristal-blanca-escorial","status":"publish","type":"product","link":"https:\/\/online.dmgroup.com.ar\/?product=cocina-51-cm-palace-cristal-blanca-escorial","title":{"rendered":"COCINA 51 CM PALACE CRISTAL BLANCA ESCORIAL"},"content":{"rendered":"<p>PALACE CRISTAL Color: Blanca Medidas: 95cm (Al) x 51cm (An) x 60cm (Pr) Encendido electr\u00f3nico &#8211; Luz en Horno. Sistema: Gas Natural y Gas Licuado. Peso: 26,5 kg. Superficies exteriores e interior del horno totalmente enlozados en polvo electrost\u00e1tico de f\u00e1cil limpieza.  Puerta de horno de vidrio. Doble rejilla desmontable en plancha. 4 hornallas (3 medianas y una grande).  V\u00e1lvula de seguridad en hornallas y horno.  Quemadores de aluminio pulidos con tapa de acero esmaltada.  Respaldo extra\u00edble. Puerta de horno con bisagra desmontable.  Caj\u00f3n parrilla con puerta rebatible. Asadera. Eficiencia energ\u00e9tica: Clase A. https:&#8211;escorial.com.ar-producto-147-palace-cristal<\/p>\n","protected":false},"excerpt":{"rendered":"<p>COCINA 51 CM PALACE CRISTAL BLANCA ESCORIAL<\/p>\n","protected":false},"featured_media":1599,"template":"","meta":{"_acf_changed":false},"product_brand":[],"product_cat":[39],"product_tag":[],"class_list":{"0":"post-1600","1":"product","2":"type-product","3":"status-publish","4":"has-post-thumbnail","6":"product_cat-cocina-de-hogar","8":"first","9":"instock","10":"shipping-taxable","11":"product-type-simple"},"acf":[],"_links":{"self":[{"href":"https:\/\/online.dmgroup.com.ar\/index.php?rest_route=\/wp\/v2\/product\/1600","targetHints":{"allow":["GET"]}}],"collection":[{"href":"https:\/\/online.dmgroup.com.ar\/index.php?rest_route=\/wp\/v2\/product"}],"about":[{"href":"https:\/\/online.dmgroup.com.ar\/index.php?rest_route=\/wp\/v2\/types\/product"}],"version-history":[{"count":0,"href":"https:\/\/online.dmgroup.com.ar\/index.php?rest_route=\/wp\/v2\/product\/1600\/revisions"}],"wp:featuredmedia":[{"embeddable":true,"href":"https:\/\/online.dmgroup.com.ar\/index.php?rest_route=\/wp\/v2\/media\/1599"}],"wp:attachment":[{"href":"https:\/\/online.dmgroup.com.ar\/index.php?rest_route=%2Fwp%2Fv2%2Fmedia&parent=1600"}],"wp:term":[{"taxonomy":"product_brand","embeddable":true,"href":"https:\/\/online.dmgroup.com.ar\/index.php?rest_route=%2Fwp%2Fv2%2Fproduct_brand&post=1600"},{"taxonomy":"product_cat","embeddable":true,"href":"https:\/\/online.dmgroup.com.ar\/index.php?rest_route=%2Fwp%2Fv2%2Fproduct_cat&post=1600"},{"taxonomy":"product_tag","embeddable":true,"href":"https:\/\/online.dmgroup.com.ar\/index.php?rest_route=%2Fwp%2Fv2%2Fproduct_tag&post=1600"}],"curies":[{"name":"wp","href":"https:\/\/api.w.org\/{rel}","templated":true}]}}