{"id":1606,"date":"2025-04-24T00:50:42","date_gmt":"2025-04-24T03:50:42","guid":{"rendered":"https:\/\/online.dmgroup.com.ar\/product\/cocina-55-cm-acero-inoxidable-87673vm-volcan\/"},"modified":"2026-02-05T11:44:23","modified_gmt":"2026-02-05T14:44:23","slug":"cocina-55-cm-acero-inoxidable-87673vm-volcan","status":"publish","type":"product","link":"https:\/\/online.dmgroup.com.ar\/?product=cocina-55-cm-acero-inoxidable-87673vm-volcan","title":{"rendered":"COCINA 55 CM ACERO INOXIDABLE 87673VM VOLCAN"},"content":{"rendered":"<p>COCINAS VOLCAN ANCHO 55 &#8211; CON SEGURIDAD EN HORNALLAS Y HORNO 87673V Plancha de 55 cm de ancho x 60 cm de profundidad. 4 hornallas. Puerta de horno de doble cristal. ACERO INOXIDABLE Parrilla deslizable con puerta volcable. Nueva base. Horno enlozado de f\u00e1cil limpieza Cuatro quemadores de m\u00e1xima potencia con tapas enlozadas de f\u00e1cil limpieza. Termocupla de seguridad en todas las hornallas. Horno de f\u00e1cil limpieza de gran capacidad con tres niveles de cocci\u00f3n y v\u00e1lvula de seguridad. Puerta de horno completamente desmontable para facilitar su limpieza. Con luz en el horno y encendido electr\u00f3nico. Incluye 1 rejilla y 1 asadera en el horno, y 1 rejilla y 1 asadera en el caj\u00f3n parrilla https:&#8211;volcan.com.ar-shop-cocinas-87673v-<\/p>\n","protected":false},"excerpt":{"rendered":"<p>COCINA 55 CM ACERO INOXIDABLE 87673VM VOLCAN<\/p>\n","protected":false},"featured_media":1605,"template":"","meta":{"_acf_changed":false},"product_brand":[],"product_cat":[39],"product_tag":[],"class_list":{"0":"post-1606","1":"product","2":"type-product","3":"status-publish","4":"has-post-thumbnail","6":"product_cat-cocina-de-hogar","8":"first","9":"instock","10":"shipping-taxable","11":"product-type-simple"},"acf":[],"_links":{"self":[{"href":"https:\/\/online.dmgroup.com.ar\/index.php?rest_route=\/wp\/v2\/product\/1606","targetHints":{"allow":["GET"]}}],"collection":[{"href":"https:\/\/online.dmgroup.com.ar\/index.php?rest_route=\/wp\/v2\/product"}],"about":[{"href":"https:\/\/online.dmgroup.com.ar\/index.php?rest_route=\/wp\/v2\/types\/product"}],"version-history":[{"count":0,"href":"https:\/\/online.dmgroup.com.ar\/index.php?rest_route=\/wp\/v2\/product\/1606\/revisions"}],"wp:featuredmedia":[{"embeddable":true,"href":"https:\/\/online.dmgroup.com.ar\/index.php?rest_route=\/wp\/v2\/media\/1605"}],"wp:attachment":[{"href":"https:\/\/online.dmgroup.com.ar\/index.php?rest_route=%2Fwp%2Fv2%2Fmedia&parent=1606"}],"wp:term":[{"taxonomy":"product_brand","embeddable":true,"href":"https:\/\/online.dmgroup.com.ar\/index.php?rest_route=%2Fwp%2Fv2%2Fproduct_brand&post=1606"},{"taxonomy":"product_cat","embeddable":true,"href":"https:\/\/online.dmgroup.com.ar\/index.php?rest_route=%2Fwp%2Fv2%2Fproduct_cat&post=1606"},{"taxonomy":"product_tag","embeddable":true,"href":"https:\/\/online.dmgroup.com.ar\/index.php?rest_route=%2Fwp%2Fv2%2Fproduct_tag&post=1606"}],"curies":[{"name":"wp","href":"https:\/\/api.w.org\/{rel}","templated":true}]}}