{"id":1614,"date":"2025-04-24T00:50:53","date_gmt":"2025-04-24T03:50:53","guid":{"rendered":"https:\/\/online.dmgroup.com.ar\/product\/cocina-56-cm-acero-master-style-inox-escorial\/"},"modified":"2026-02-05T11:44:37","modified_gmt":"2026-02-05T14:44:37","slug":"cocina-56-cm-acero-master-style-inox-escorial","status":"publish","type":"product","link":"https:\/\/online.dmgroup.com.ar\/?product=cocina-56-cm-acero-master-style-inox-escorial","title":{"rendered":"COCINA 56 CM ACERO MASTER STYLE INOX ESCORIAL"},"content":{"rendered":"<p>MASTER STYLE INOX Color: Acero inoxidable Medidas: 93cm (Al) x 56cm (An) x 60cm (Pr) Encendido de una mano- Reja de fundici\u00f3n. Acero inoxidable con tapa de horno de vidrio negro y laterales negros. Encendido de una Mano y Luz en Horno. Reja de fundici\u00f3n. Nuevo y renovado dise\u00f1o. Respaldo de vidrio. Sistema Multigas (gas natural convertible a gas licuado). Peso: 35 kg. Puerta horno con doble Vidrio. Doble reja de horno cromada. Superficie interior del horno totalmente enlozado en polvo electrost\u00e1tico de f\u00e1cil limpieza. Doble rejilla desmontable en plancha. 4 hornallas (3 medianas y una grande).  V\u00e1lvula de seguridad en hornallas y horno.  Quemadores de aluminio pulidos con tapa de acero esmaltada. Manija de horno y parrilla en acero pintado. Puerta de horno con bisagra desmontable.  Caj\u00f3n parrilla con puerta rebatible. Asadera. Eficiencia energ\u00e9tica: Clase A. https:&#8211;escorial.com.ar-producto-173-master-style-inox<\/p>\n","protected":false},"excerpt":{"rendered":"<p>COCINA 56 CM ACERO MASTER STYLE INOX ESCORIAL<\/p>\n","protected":false},"featured_media":1613,"template":"","meta":{"_acf_changed":false},"product_brand":[],"product_cat":[39],"product_tag":[],"class_list":{"0":"post-1614","1":"product","2":"type-product","3":"status-publish","4":"has-post-thumbnail","6":"product_cat-cocina-de-hogar","8":"first","9":"instock","10":"shipping-taxable","11":"product-type-simple"},"acf":[],"_links":{"self":[{"href":"https:\/\/online.dmgroup.com.ar\/index.php?rest_route=\/wp\/v2\/product\/1614","targetHints":{"allow":["GET"]}}],"collection":[{"href":"https:\/\/online.dmgroup.com.ar\/index.php?rest_route=\/wp\/v2\/product"}],"about":[{"href":"https:\/\/online.dmgroup.com.ar\/index.php?rest_route=\/wp\/v2\/types\/product"}],"version-history":[{"count":0,"href":"https:\/\/online.dmgroup.com.ar\/index.php?rest_route=\/wp\/v2\/product\/1614\/revisions"}],"wp:featuredmedia":[{"embeddable":true,"href":"https:\/\/online.dmgroup.com.ar\/index.php?rest_route=\/wp\/v2\/media\/1613"}],"wp:attachment":[{"href":"https:\/\/online.dmgroup.com.ar\/index.php?rest_route=%2Fwp%2Fv2%2Fmedia&parent=1614"}],"wp:term":[{"taxonomy":"product_brand","embeddable":true,"href":"https:\/\/online.dmgroup.com.ar\/index.php?rest_route=%2Fwp%2Fv2%2Fproduct_brand&post=1614"},{"taxonomy":"product_cat","embeddable":true,"href":"https:\/\/online.dmgroup.com.ar\/index.php?rest_route=%2Fwp%2Fv2%2Fproduct_cat&post=1614"},{"taxonomy":"product_tag","embeddable":true,"href":"https:\/\/online.dmgroup.com.ar\/index.php?rest_route=%2Fwp%2Fv2%2Fproduct_tag&post=1614"}],"curies":[{"name":"wp","href":"https:\/\/api.w.org\/{rel}","templated":true}]}}