{"id":1632,"date":"2025-04-25T00:50:12","date_gmt":"2025-04-25T03:50:12","guid":{"rendered":"https:\/\/online.dmgroup.com.ar\/product\/cocina-6-hornallas-puerta-ciega-con-parrilla-517p-sol-real\/"},"modified":"2026-02-05T11:44:57","modified_gmt":"2026-02-05T14:44:57","slug":"cocina-6-hornallas-puerta-ciega-con-parrilla-517p-sol-real","status":"publish","type":"product","link":"https:\/\/online.dmgroup.com.ar\/?product=cocina-6-hornallas-puerta-ciega-con-parrilla-517p-sol-real","title":{"rendered":"COCINA 6 HORNALLAS PUERTA CIEGA CON PARRILLA 517P SOL REAL"},"content":{"rendered":"<p>COCINA MINI 517P 6 HORNALLAS &#8211; PUERTA DE ACERO Y PARRILLA Gabinete totalmente constru\u00eddo de acero inoxidable. Mecheros de aluminio fundido. Interior de horno completamente enlozado, con piso de tejuelas refractarias. Incluye rejillas extra\u00edbles de 66 x 44 cm. Puerta de acero inoxidable con manija met\u00e1lica. Parrilla desplegable con recolector de grasa con manija met\u00e1lica. Bisagra embutida y pir\u00f3metro anal\u00f3gico. Aislaci\u00f3n de lana mineral. V\u00e1lvula de seguridad en el horno. Rejas de fundici\u00f3n. Peso Neto: 55 Kg. Kilocalor\u00edas-h: 30.000 https:&#8211;solreal.com-index.php?route=product-product&amp;path=20_25&amp;product_id=99<\/p>\n","protected":false},"excerpt":{"rendered":"<p>COCINA 6 HORNALLAS PUERTA CIEGA CON PARRILLA 517P SOL REAL<\/p>\n","protected":false},"featured_media":1631,"template":"","meta":{"_acf_changed":false},"product_brand":[],"product_cat":[38],"product_tag":[],"class_list":{"0":"post-1632","1":"product","2":"type-product","3":"status-publish","4":"has-post-thumbnail","6":"product_cat-cocina-comercial","8":"first","9":"instock","10":"shipping-taxable","11":"product-type-simple"},"acf":[],"_links":{"self":[{"href":"https:\/\/online.dmgroup.com.ar\/index.php?rest_route=\/wp\/v2\/product\/1632","targetHints":{"allow":["GET"]}}],"collection":[{"href":"https:\/\/online.dmgroup.com.ar\/index.php?rest_route=\/wp\/v2\/product"}],"about":[{"href":"https:\/\/online.dmgroup.com.ar\/index.php?rest_route=\/wp\/v2\/types\/product"}],"version-history":[{"count":0,"href":"https:\/\/online.dmgroup.com.ar\/index.php?rest_route=\/wp\/v2\/product\/1632\/revisions"}],"wp:featuredmedia":[{"embeddable":true,"href":"https:\/\/online.dmgroup.com.ar\/index.php?rest_route=\/wp\/v2\/media\/1631"}],"wp:attachment":[{"href":"https:\/\/online.dmgroup.com.ar\/index.php?rest_route=%2Fwp%2Fv2%2Fmedia&parent=1632"}],"wp:term":[{"taxonomy":"product_brand","embeddable":true,"href":"https:\/\/online.dmgroup.com.ar\/index.php?rest_route=%2Fwp%2Fv2%2Fproduct_brand&post=1632"},{"taxonomy":"product_cat","embeddable":true,"href":"https:\/\/online.dmgroup.com.ar\/index.php?rest_route=%2Fwp%2Fv2%2Fproduct_cat&post=1632"},{"taxonomy":"product_tag","embeddable":true,"href":"https:\/\/online.dmgroup.com.ar\/index.php?rest_route=%2Fwp%2Fv2%2Fproduct_tag&post=1632"}],"curies":[{"name":"wp","href":"https:\/\/api.w.org\/{rel}","templated":true}]}}