{"id":1644,"date":"2025-04-25T00:50:32","date_gmt":"2025-04-25T03:50:32","guid":{"rendered":"https:\/\/online.dmgroup.com.ar\/product\/cocina-profesional-4-hornallas-puerta-acero-516-mg-sol-real\/"},"modified":"2026-02-05T11:45:20","modified_gmt":"2026-02-05T14:45:20","slug":"cocina-profesional-4-hornallas-puerta-acero-516-mg-sol-real","status":"publish","type":"product","link":"https:\/\/online.dmgroup.com.ar\/?product=cocina-profesional-4-hornallas-puerta-acero-516-mg-sol-real","title":{"rendered":"COCINA PROFESIONAL 4 HORNALLAS PUERTA ACERO 516-MG SOL REAL"},"content":{"rendered":"<p>Gabinete 100% acero inox. esmerilado. Aislaci\u00f3n t\u00e9rmica con lana mineral. Interior horno enlozado c- piso de tejuelas refractarias, posee en el mismo visor de encendido mechero con f\u00e1cil acceso. Incluye dos rejillas extra\u00edbles de 40 x 40 cm. Horno con v\u00e1lvula de seguridad. Rejas de fundici\u00f3n. Bandeja antiderrame fija, con posibilidad de ser desmontada , mediante tornillos de f\u00e1cil acceso (S\u00f3lo gasistas matriculados ). Puerta de acero inox. Esmerilado en exterior e interior enlozado con manija met\u00e1lica ( pintura ep\u00f3xi humo gris liso ), bisagras embutidas y pir\u00f3metro anal\u00f3gico. Indicador max &#8211; min de perillas y especificaci\u00f3n de hornallas realizadas  con serigraf\u00eda l\u00e1ser. Kilocalor\u00edas-h: 13.300<\/p>\n","protected":false},"excerpt":{"rendered":"<p>COCINA PROFESIONAL 4 HORNALLAS PUERTA ACERO 516-MG SOL REAL<\/p>\n","protected":false},"featured_media":1643,"template":"","meta":{"_acf_changed":false},"product_brand":[],"product_cat":[38],"product_tag":[],"class_list":{"0":"post-1644","1":"product","2":"type-product","3":"status-publish","4":"has-post-thumbnail","6":"product_cat-cocina-comercial","8":"first","9":"instock","10":"shipping-taxable","11":"product-type-simple"},"acf":[],"_links":{"self":[{"href":"https:\/\/online.dmgroup.com.ar\/index.php?rest_route=\/wp\/v2\/product\/1644","targetHints":{"allow":["GET"]}}],"collection":[{"href":"https:\/\/online.dmgroup.com.ar\/index.php?rest_route=\/wp\/v2\/product"}],"about":[{"href":"https:\/\/online.dmgroup.com.ar\/index.php?rest_route=\/wp\/v2\/types\/product"}],"version-history":[{"count":0,"href":"https:\/\/online.dmgroup.com.ar\/index.php?rest_route=\/wp\/v2\/product\/1644\/revisions"}],"wp:featuredmedia":[{"embeddable":true,"href":"https:\/\/online.dmgroup.com.ar\/index.php?rest_route=\/wp\/v2\/media\/1643"}],"wp:attachment":[{"href":"https:\/\/online.dmgroup.com.ar\/index.php?rest_route=%2Fwp%2Fv2%2Fmedia&parent=1644"}],"wp:term":[{"taxonomy":"product_brand","embeddable":true,"href":"https:\/\/online.dmgroup.com.ar\/index.php?rest_route=%2Fwp%2Fv2%2Fproduct_brand&post=1644"},{"taxonomy":"product_cat","embeddable":true,"href":"https:\/\/online.dmgroup.com.ar\/index.php?rest_route=%2Fwp%2Fv2%2Fproduct_cat&post=1644"},{"taxonomy":"product_tag","embeddable":true,"href":"https:\/\/online.dmgroup.com.ar\/index.php?rest_route=%2Fwp%2Fv2%2Fproduct_tag&post=1644"}],"curies":[{"name":"wp","href":"https:\/\/api.w.org\/{rel}","templated":true}]}}