{"id":1646,"date":"2025-04-25T00:50:35","date_gmt":"2025-04-25T03:50:35","guid":{"rendered":"https:\/\/online.dmgroup.com.ar\/product\/cocina-profesional-5-hornallas-puerta-ciega-537-mg-sol-real\/"},"modified":"2026-02-05T11:45:22","modified_gmt":"2026-02-05T14:45:22","slug":"cocina-profesional-5-hornallas-puerta-ciega-537-mg-sol-real","status":"publish","type":"product","link":"https:\/\/online.dmgroup.com.ar\/?product=cocina-profesional-5-hornallas-puerta-ciega-537-mg-sol-real","title":{"rendered":"COCINA PROFESIONAL 5 HORNALLAS PUERTA CIEGA 537 MG SOL REAL"},"content":{"rendered":"<p>Gabinete 100% acero inox. esmerilado. Aislaci\u00f3n t\u00e9rmica con lana mineral. Interior horno enlozado con piso de tejuelas refractarias, posee en el mismo visor de encendido mechero con f\u00e1cil acceso. Incluye dos rejillas extra\u00edbles de 64 x 40 cm. Horno con v\u00e1lvula de seguridad. Rejas de fundici\u00f3n. Mechero estrella. Bandeja anti-derrame fija, con posibilidad de ser desmontada , mediante tornillos de f\u00e1cil acceso ( solo gasistas matriculados ). Puerta de acero inox. Esmerilado en exterior (seg\u00fan modelo) e interior enlozado con manija met\u00e1lica ( pintura ep\u00f3xi humo gris liso ), bisagras embutidas y pir\u00f3metro anal\u00f3gico. Indicador max &#8211; min de perillas y especificaci\u00f3n de hornallas realizadas con serigraf\u00eda l\u00e1ser. Kilocalor\u00edas-h: 19.800<\/p>\n","protected":false},"excerpt":{"rendered":"<p>COCINA PROFESIONAL 5 HORNALLAS PUERTA CIEGA 537 MG SOL REAL<\/p>\n","protected":false},"featured_media":1645,"template":"","meta":{"_acf_changed":false},"product_brand":[],"product_cat":[38],"product_tag":[],"class_list":{"0":"post-1646","1":"product","2":"type-product","3":"status-publish","4":"has-post-thumbnail","6":"product_cat-cocina-comercial","8":"first","9":"instock","10":"shipping-taxable","11":"product-type-simple"},"acf":[],"_links":{"self":[{"href":"https:\/\/online.dmgroup.com.ar\/index.php?rest_route=\/wp\/v2\/product\/1646","targetHints":{"allow":["GET"]}}],"collection":[{"href":"https:\/\/online.dmgroup.com.ar\/index.php?rest_route=\/wp\/v2\/product"}],"about":[{"href":"https:\/\/online.dmgroup.com.ar\/index.php?rest_route=\/wp\/v2\/types\/product"}],"version-history":[{"count":0,"href":"https:\/\/online.dmgroup.com.ar\/index.php?rest_route=\/wp\/v2\/product\/1646\/revisions"}],"wp:featuredmedia":[{"embeddable":true,"href":"https:\/\/online.dmgroup.com.ar\/index.php?rest_route=\/wp\/v2\/media\/1645"}],"wp:attachment":[{"href":"https:\/\/online.dmgroup.com.ar\/index.php?rest_route=%2Fwp%2Fv2%2Fmedia&parent=1646"}],"wp:term":[{"taxonomy":"product_brand","embeddable":true,"href":"https:\/\/online.dmgroup.com.ar\/index.php?rest_route=%2Fwp%2Fv2%2Fproduct_brand&post=1646"},{"taxonomy":"product_cat","embeddable":true,"href":"https:\/\/online.dmgroup.com.ar\/index.php?rest_route=%2Fwp%2Fv2%2Fproduct_cat&post=1646"},{"taxonomy":"product_tag","embeddable":true,"href":"https:\/\/online.dmgroup.com.ar\/index.php?rest_route=%2Fwp%2Fv2%2Fproduct_tag&post=1646"}],"curies":[{"name":"wp","href":"https:\/\/api.w.org\/{rel}","templated":true}]}}