{"id":1676,"date":"2025-04-26T00:50:17","date_gmt":"2025-04-26T03:50:17","guid":{"rendered":"https:\/\/online.dmgroup.com.ar\/product\/cafetera-espresso-pe-ce5006ixn-peabody\/"},"modified":"2026-02-05T11:34:50","modified_gmt":"2026-02-05T14:34:50","slug":"cafetera-espresso-pe-ce5006ixn-peabody","status":"publish","type":"product","link":"https:\/\/online.dmgroup.com.ar\/?product=cafetera-espresso-pe-ce5006ixn-peabody","title":{"rendered":"CAFETERA ESPRESSO PE-CE5006IXN PEABODY"},"content":{"rendered":"<p>Cafetera Espresso PE-CE5006IXN Sistema thermoblock para pre-calentamiento rapido y control preciso de temperatura.  Posibilidad de regular la molienda gracias a su medidor de presi\u00f3n Medidor de flujo para preparar distintas medidas de caf\u00e9 20 bares de presi\u00f3n para una extracci\u00f3n \u00f3ptima Apto c\u00e1psulas Nespresso Dimensiones: 139 mm (Ancho) x 428 mm (Profundidad) x 292 mm (Alto) Potencia: 1350 W Voltaje: 220-240 VAC Tanque de agua de 1.1 L de capacidad, removible y f\u00e1cil de llenar y limpiar Funci\u00f3n preseteada para 1 o 2 tazas Cuerpo recubierto de acero inoxidable Conductos internos de acero inoxidable para mayor durabilidad y resistencia a la corrosion, sin alterar el sabor del agua Espumador de leche con boquilla desmontable, para preparar f\u00e1cilmente cappuccino, latte y macchiato Bandeja de precalentado para tazas en su parte superior Bandeja de goteo desmontable para lavado Incluye: Porta filtro de aluminio &#8211; Porta filtro para c\u00e1psulas Nespresso  &#8211; 2 filtros de acero inoxidable (para espresso doble y simple) &#8211; Cuchara con pison <\/p>\n","protected":false},"excerpt":{"rendered":"<p>CAFETERA ESPRESSO PE-CE5006IXN PEABODY<\/p>\n","protected":false},"featured_media":1675,"template":"","meta":{"_acf_changed":false},"product_brand":[],"product_cat":[41],"product_tag":[],"class_list":{"0":"post-1676","1":"product","2":"type-product","3":"status-publish","4":"has-post-thumbnail","6":"product_cat-electrodomesticos","8":"first","9":"instock","10":"shipping-taxable","11":"product-type-simple"},"acf":[],"_links":{"self":[{"href":"https:\/\/online.dmgroup.com.ar\/index.php?rest_route=\/wp\/v2\/product\/1676","targetHints":{"allow":["GET"]}}],"collection":[{"href":"https:\/\/online.dmgroup.com.ar\/index.php?rest_route=\/wp\/v2\/product"}],"about":[{"href":"https:\/\/online.dmgroup.com.ar\/index.php?rest_route=\/wp\/v2\/types\/product"}],"version-history":[{"count":0,"href":"https:\/\/online.dmgroup.com.ar\/index.php?rest_route=\/wp\/v2\/product\/1676\/revisions"}],"wp:featuredmedia":[{"embeddable":true,"href":"https:\/\/online.dmgroup.com.ar\/index.php?rest_route=\/wp\/v2\/media\/1675"}],"wp:attachment":[{"href":"https:\/\/online.dmgroup.com.ar\/index.php?rest_route=%2Fwp%2Fv2%2Fmedia&parent=1676"}],"wp:term":[{"taxonomy":"product_brand","embeddable":true,"href":"https:\/\/online.dmgroup.com.ar\/index.php?rest_route=%2Fwp%2Fv2%2Fproduct_brand&post=1676"},{"taxonomy":"product_cat","embeddable":true,"href":"https:\/\/online.dmgroup.com.ar\/index.php?rest_route=%2Fwp%2Fv2%2Fproduct_cat&post=1676"},{"taxonomy":"product_tag","embeddable":true,"href":"https:\/\/online.dmgroup.com.ar\/index.php?rest_route=%2Fwp%2Fv2%2Fproduct_tag&post=1676"}],"curies":[{"name":"wp","href":"https:\/\/api.w.org\/{rel}","templated":true}]}}