{"id":1796,"date":"2025-04-28T00:51:13","date_gmt":"2025-04-28T03:51:13","guid":{"rendered":"https:\/\/online.dmgroup.com.ar\/product\/combo-secador-de-pelo-y-planchita-d2045-s9610-remington\/"},"modified":"2026-02-05T11:48:42","modified_gmt":"2026-02-05T14:48:42","slug":"combo-secador-de-pelo-y-planchita-d2045-s9610-remington","status":"publish","type":"product","link":"https:\/\/online.dmgroup.com.ar\/?product=combo-secador-de-pelo-y-planchita-d2045-s9610-remington","title":{"rendered":"COMBO SECADOR DE PELO Y PLANCHITA D2045 S9610 REMINGTON"},"content":{"rendered":"<p>PLANCHA ALISADORA REMINGTON SILK + SECADOR REMINGTON OCEAN SILK Plancha: Medida de las placas: 2,54cm &#8211; 1 30 Ajustes de Temperatura Temperatura m\u00e1xima: 220\u00b0C (455\u00b0F) Calentamiento en 15 segundos Bot\u00f3n de Encendido y Apagado Placas Recubiertas de Cer\u00e1mica infundida con seda Bloqueo de placas Apagado Autom\u00e1tico Placas flotantes Cable Giratorio de 1,8 metros Secador: Motor DC 1875W Rejilla frontal recubierta de titanio + cer\u00e1mica 3 ajustes de temperatura 2 ajustes de velocidad Filtro removible R\u00e1faga de aire fr\u00edo Pintura suave al tacto Concentrador y difusor  <\/p>\n","protected":false},"excerpt":{"rendered":"<p>COMBO SECADOR DE PELO Y PLANCHITA D2045 S9610 REMINGTON<\/p>\n","protected":false},"featured_media":1795,"template":"","meta":{"_acf_changed":false},"product_brand":[],"product_cat":[52],"product_tag":[],"class_list":{"0":"post-1796","1":"product","2":"type-product","3":"status-publish","4":"has-post-thumbnail","6":"product_cat-salud-belleza-fitness","8":"first","9":"instock","10":"shipping-taxable","11":"product-type-simple"},"acf":[],"_links":{"self":[{"href":"https:\/\/online.dmgroup.com.ar\/index.php?rest_route=\/wp\/v2\/product\/1796","targetHints":{"allow":["GET"]}}],"collection":[{"href":"https:\/\/online.dmgroup.com.ar\/index.php?rest_route=\/wp\/v2\/product"}],"about":[{"href":"https:\/\/online.dmgroup.com.ar\/index.php?rest_route=\/wp\/v2\/types\/product"}],"version-history":[{"count":0,"href":"https:\/\/online.dmgroup.com.ar\/index.php?rest_route=\/wp\/v2\/product\/1796\/revisions"}],"wp:featuredmedia":[{"embeddable":true,"href":"https:\/\/online.dmgroup.com.ar\/index.php?rest_route=\/wp\/v2\/media\/1795"}],"wp:attachment":[{"href":"https:\/\/online.dmgroup.com.ar\/index.php?rest_route=%2Fwp%2Fv2%2Fmedia&parent=1796"}],"wp:term":[{"taxonomy":"product_brand","embeddable":true,"href":"https:\/\/online.dmgroup.com.ar\/index.php?rest_route=%2Fwp%2Fv2%2Fproduct_brand&post=1796"},{"taxonomy":"product_cat","embeddable":true,"href":"https:\/\/online.dmgroup.com.ar\/index.php?rest_route=%2Fwp%2Fv2%2Fproduct_cat&post=1796"},{"taxonomy":"product_tag","embeddable":true,"href":"https:\/\/online.dmgroup.com.ar\/index.php?rest_route=%2Fwp%2Fv2%2Fproduct_tag&post=1796"}],"curies":[{"name":"wp","href":"https:\/\/api.w.org\/{rel}","templated":true}]}}