{"id":1824,"date":"2025-04-30T00:50:21","date_gmt":"2025-04-30T03:50:21","guid":{"rendered":"https:\/\/online.dmgroup.com.ar\/product\/compresor-25-lts-2-5-hp-kldco25-kld\/"},"modified":"2026-02-05T11:49:36","modified_gmt":"2026-02-05T14:49:36","slug":"compresor-25-lts-2-5-hp-kldco25-kld","status":"publish","type":"product","link":"https:\/\/online.dmgroup.com.ar\/?product=compresor-25-lts-2-5-hp-kldco25-kld","title":{"rendered":"COMPRESOR 25 LTS 2.5 HP KLDCO25 KLD"},"content":{"rendered":"<p>Potencia: 2.5 hp Con man\u00f3metro doble: No Capacidad del tanque: 25 L Con salida doble: No Voltaje 220V Capacidad del tanque 25 L Posici\u00f3n del tanque Horizontal Sin man\u00f3metro doble Tipos de alimentaci\u00f3n El\u00e9ctrica Sin salida doble Con tanque de aceite Con ruedas <\/p>\n","protected":false},"excerpt":{"rendered":"<p>COMPRESOR 25 LTS 2.5 HP KLDCO25 KLD<\/p>\n","protected":false},"featured_media":1823,"template":"","meta":{"_acf_changed":false},"product_brand":[],"product_cat":[42],"product_tag":[],"class_list":{"0":"post-1824","1":"product","2":"type-product","3":"status-publish","4":"has-post-thumbnail","6":"product_cat-ferreteria","8":"first","9":"instock","10":"shipping-taxable","11":"product-type-simple"},"acf":[],"_links":{"self":[{"href":"https:\/\/online.dmgroup.com.ar\/index.php?rest_route=\/wp\/v2\/product\/1824","targetHints":{"allow":["GET"]}}],"collection":[{"href":"https:\/\/online.dmgroup.com.ar\/index.php?rest_route=\/wp\/v2\/product"}],"about":[{"href":"https:\/\/online.dmgroup.com.ar\/index.php?rest_route=\/wp\/v2\/types\/product"}],"version-history":[{"count":0,"href":"https:\/\/online.dmgroup.com.ar\/index.php?rest_route=\/wp\/v2\/product\/1824\/revisions"}],"wp:featuredmedia":[{"embeddable":true,"href":"https:\/\/online.dmgroup.com.ar\/index.php?rest_route=\/wp\/v2\/media\/1823"}],"wp:attachment":[{"href":"https:\/\/online.dmgroup.com.ar\/index.php?rest_route=%2Fwp%2Fv2%2Fmedia&parent=1824"}],"wp:term":[{"taxonomy":"product_brand","embeddable":true,"href":"https:\/\/online.dmgroup.com.ar\/index.php?rest_route=%2Fwp%2Fv2%2Fproduct_brand&post=1824"},{"taxonomy":"product_cat","embeddable":true,"href":"https:\/\/online.dmgroup.com.ar\/index.php?rest_route=%2Fwp%2Fv2%2Fproduct_cat&post=1824"},{"taxonomy":"product_tag","embeddable":true,"href":"https:\/\/online.dmgroup.com.ar\/index.php?rest_route=%2Fwp%2Fv2%2Fproduct_tag&post=1824"}],"curies":[{"name":"wp","href":"https:\/\/api.w.org\/{rel}","templated":true}]}}