{"id":1826,"date":"2025-04-30T00:50:26","date_gmt":"2025-04-30T03:50:26","guid":{"rendered":"https:\/\/online.dmgroup.com.ar\/product\/compresor-25lts-2-5-hp-kit-de-aire-kldco25k-kld\/"},"modified":"2026-02-05T11:49:39","modified_gmt":"2026-02-05T14:49:39","slug":"compresor-25lts-2-5-hp-kit-de-aire-kldco25k-kld","status":"publish","type":"product","link":"https:\/\/online.dmgroup.com.ar\/?product=compresor-25lts-2-5-hp-kit-de-aire-kldco25k-kld","title":{"rendered":"COMPRESOR 25LTS 2.5 HP + KIT DE AIRE KLDCO25K KLD"},"content":{"rendered":"<p>KLDCO25K Compresor  25 L con Kit de aire Potencia: 2.5 HP 220 V  Monof\u00e1sico. Motor mono cil\u00edndrico Capacidad de tanque: 25 L. Caudal de aire: 210 L-m. Presi\u00f3n: 110 lbs \u00b7 8 bar. Peso: 24 kg.<\/p>\n","protected":false},"excerpt":{"rendered":"<p>COMPRESOR 25LTS 2.5 HP + KIT DE AIRE KLDCO25K KLD<\/p>\n","protected":false},"featured_media":1825,"template":"","meta":{"_acf_changed":false},"product_brand":[],"product_cat":[42],"product_tag":[],"class_list":{"0":"post-1826","1":"product","2":"type-product","3":"status-publish","4":"has-post-thumbnail","6":"product_cat-ferreteria","8":"first","9":"instock","10":"shipping-taxable","11":"product-type-simple"},"acf":[],"_links":{"self":[{"href":"https:\/\/online.dmgroup.com.ar\/index.php?rest_route=\/wp\/v2\/product\/1826","targetHints":{"allow":["GET"]}}],"collection":[{"href":"https:\/\/online.dmgroup.com.ar\/index.php?rest_route=\/wp\/v2\/product"}],"about":[{"href":"https:\/\/online.dmgroup.com.ar\/index.php?rest_route=\/wp\/v2\/types\/product"}],"version-history":[{"count":0,"href":"https:\/\/online.dmgroup.com.ar\/index.php?rest_route=\/wp\/v2\/product\/1826\/revisions"}],"wp:featuredmedia":[{"embeddable":true,"href":"https:\/\/online.dmgroup.com.ar\/index.php?rest_route=\/wp\/v2\/media\/1825"}],"wp:attachment":[{"href":"https:\/\/online.dmgroup.com.ar\/index.php?rest_route=%2Fwp%2Fv2%2Fmedia&parent=1826"}],"wp:term":[{"taxonomy":"product_brand","embeddable":true,"href":"https:\/\/online.dmgroup.com.ar\/index.php?rest_route=%2Fwp%2Fv2%2Fproduct_brand&post=1826"},{"taxonomy":"product_cat","embeddable":true,"href":"https:\/\/online.dmgroup.com.ar\/index.php?rest_route=%2Fwp%2Fv2%2Fproduct_cat&post=1826"},{"taxonomy":"product_tag","embeddable":true,"href":"https:\/\/online.dmgroup.com.ar\/index.php?rest_route=%2Fwp%2Fv2%2Fproduct_tag&post=1826"}],"curies":[{"name":"wp","href":"https:\/\/api.w.org\/{rel}","templated":true}]}}