{"id":1848,"date":"2025-04-30T00:51:03","date_gmt":"2025-04-30T03:51:03","guid":{"rendered":"https:\/\/online.dmgroup.com.ar\/product\/conservadora-vertical-para-congelados-bt-19c-inelro\/"},"modified":"2026-02-05T11:50:08","modified_gmt":"2026-02-05T14:50:08","slug":"conservadora-vertical-para-congelados-bt-19c-inelro","status":"publish","type":"product","link":"https:\/\/online.dmgroup.com.ar\/?product=conservadora-vertical-para-congelados-bt-19c-inelro","title":{"rendered":"CONSERVADORA VERTICAL PARA CONGELADOS BT-19C INELRO"},"content":{"rendered":"<p>Conservadora Vertical para Productos Congelados  Sin Cenefa, Condensaci\u00f3n Forzada, Termostato mec\u00e1nico, Cinco rejas estantes m\u00f3viles, Z\u00f3calo y puerta en color blanco, Puerta ciega. Temperatura de trabajo -18\u00baC a -20\u00baC \u2013 560 lts INFORMACI\u00d3N GENERAL Capacidad (lts.): 560 Dimensi\u00f3n Externa (mm):775x710x2055 Peso neto-bruto (Kg): 80-85 kg Estantes ajustables: 5 Voltaje &#8211; frecuencia: 220V -50 Hz Rango de temperatura (grados cent\u00edgrados): -18 &#8211;20 Refrigerante (libre cfc): R290 Condensaci\u00f3n: Aire forzado Evaporador: Skin Ventilador evaporador: Forzado Exterior gabinete: Prepintado  <\/p>\n","protected":false},"excerpt":{"rendered":"<p>CONSERVADORA VERTICAL PARA CONGELADOS BT-19C INELRO<\/p>\n","protected":false},"featured_media":1847,"template":"","meta":{"_acf_changed":false},"product_brand":[],"product_cat":[43],"product_tag":[],"class_list":{"0":"post-1848","1":"product","2":"type-product","3":"status-publish","4":"has-post-thumbnail","6":"product_cat-heladera-freezer-comercial","8":"first","9":"instock","10":"shipping-taxable","11":"product-type-simple"},"acf":[],"_links":{"self":[{"href":"https:\/\/online.dmgroup.com.ar\/index.php?rest_route=\/wp\/v2\/product\/1848","targetHints":{"allow":["GET"]}}],"collection":[{"href":"https:\/\/online.dmgroup.com.ar\/index.php?rest_route=\/wp\/v2\/product"}],"about":[{"href":"https:\/\/online.dmgroup.com.ar\/index.php?rest_route=\/wp\/v2\/types\/product"}],"version-history":[{"count":0,"href":"https:\/\/online.dmgroup.com.ar\/index.php?rest_route=\/wp\/v2\/product\/1848\/revisions"}],"wp:featuredmedia":[{"embeddable":true,"href":"https:\/\/online.dmgroup.com.ar\/index.php?rest_route=\/wp\/v2\/media\/1847"}],"wp:attachment":[{"href":"https:\/\/online.dmgroup.com.ar\/index.php?rest_route=%2Fwp%2Fv2%2Fmedia&parent=1848"}],"wp:term":[{"taxonomy":"product_brand","embeddable":true,"href":"https:\/\/online.dmgroup.com.ar\/index.php?rest_route=%2Fwp%2Fv2%2Fproduct_brand&post=1848"},{"taxonomy":"product_cat","embeddable":true,"href":"https:\/\/online.dmgroup.com.ar\/index.php?rest_route=%2Fwp%2Fv2%2Fproduct_cat&post=1848"},{"taxonomy":"product_tag","embeddable":true,"href":"https:\/\/online.dmgroup.com.ar\/index.php?rest_route=%2Fwp%2Fv2%2Fproduct_tag&post=1848"}],"curies":[{"name":"wp","href":"https:\/\/api.w.org\/{rel}","templated":true}]}}