{"id":1866,"date":"2025-04-30T00:51:31","date_gmt":"2025-04-30T03:51:31","guid":{"rendered":"https:\/\/online.dmgroup.com.ar\/product\/cortacabello-inalambrica-legacy-8000-blaupunkt\/"},"modified":"2026-02-05T11:50:35","modified_gmt":"2026-02-05T14:50:35","slug":"cortacabello-inalambrica-legacy-8000-blaupunkt","status":"publish","type":"product","link":"https:\/\/online.dmgroup.com.ar\/?product=cortacabello-inalambrica-legacy-8000-blaupunkt","title":{"rendered":"CORTACABELLO INALAMBRICA LEGACY 8000 BLAUPUNKT"},"content":{"rendered":"<p>LEGACY 8000 Cuchillas de acero inoxidable Bater\u00eda de m\u00e1xima duraci\u00f3n Tecnolog\u00eda antiBacterial Tecnolog\u00eda zeroBlade Motor potente IPX5 Waterproof Carga r\u00e1pida USB Incluye 4 peines Compacta y Portable LED indicador https:&#8211;blaupunkt.com-c_la-producto-legacy-8000-<\/p>\n","protected":false},"excerpt":{"rendered":"<p>CORTACABELLO INALAMBRICA LEGACY 8000 BLAUPUNKT<\/p>\n","protected":false},"featured_media":1865,"template":"","meta":{"_acf_changed":false},"product_brand":[],"product_cat":[52],"product_tag":[],"class_list":{"0":"post-1866","1":"product","2":"type-product","3":"status-publish","4":"has-post-thumbnail","6":"product_cat-salud-belleza-fitness","8":"first","9":"instock","10":"shipping-taxable","11":"product-type-simple"},"acf":[],"_links":{"self":[{"href":"https:\/\/online.dmgroup.com.ar\/index.php?rest_route=\/wp\/v2\/product\/1866","targetHints":{"allow":["GET"]}}],"collection":[{"href":"https:\/\/online.dmgroup.com.ar\/index.php?rest_route=\/wp\/v2\/product"}],"about":[{"href":"https:\/\/online.dmgroup.com.ar\/index.php?rest_route=\/wp\/v2\/types\/product"}],"version-history":[{"count":0,"href":"https:\/\/online.dmgroup.com.ar\/index.php?rest_route=\/wp\/v2\/product\/1866\/revisions"}],"wp:featuredmedia":[{"embeddable":true,"href":"https:\/\/online.dmgroup.com.ar\/index.php?rest_route=\/wp\/v2\/media\/1865"}],"wp:attachment":[{"href":"https:\/\/online.dmgroup.com.ar\/index.php?rest_route=%2Fwp%2Fv2%2Fmedia&parent=1866"}],"wp:term":[{"taxonomy":"product_brand","embeddable":true,"href":"https:\/\/online.dmgroup.com.ar\/index.php?rest_route=%2Fwp%2Fv2%2Fproduct_brand&post=1866"},{"taxonomy":"product_cat","embeddable":true,"href":"https:\/\/online.dmgroup.com.ar\/index.php?rest_route=%2Fwp%2Fv2%2Fproduct_cat&post=1866"},{"taxonomy":"product_tag","embeddable":true,"href":"https:\/\/online.dmgroup.com.ar\/index.php?rest_route=%2Fwp%2Fv2%2Fproduct_tag&post=1866"}],"curies":[{"name":"wp","href":"https:\/\/api.w.org\/{rel}","templated":true}]}}