{"id":1882,"date":"2025-05-01T00:50:31","date_gmt":"2025-05-01T03:50:31","guid":{"rendered":"https:\/\/online.dmgroup.com.ar\/product\/cortadora-de-fiambre-220mm-black-moretti\/"},"modified":"2026-02-05T11:51:01","modified_gmt":"2026-02-05T14:51:01","slug":"cortadora-de-fiambre-220mm-black-moretti","status":"publish","type":"product","link":"https:\/\/online.dmgroup.com.ar\/?product=cortadora-de-fiambre-220mm-black-moretti","title":{"rendered":"CORTADORA DE FIAMBRE 220MM BLACK MORETTI"},"content":{"rendered":"<p>CORTADORA DE FIAMBRE MORETTI BLACK 220 TEFLONADA \u2013 EDICI\u00d3N LIMITADA Exclusivo recubrimiento de tefl\u00f3n. Facilita la limpieza e higiene Cuchilla de acero italiana de m\u00e1xima calidad Di\u00e1metro de cuchilla: 220mm Voltaje: 230 V-50Hz Potencia: 120 watts-0.15 HP Espesor de corte: 0 a 12 mm Peso: 16 kg Medidas: 520 mm. Alto x 460 mm. Ancho x 380 mm. Largo Carcaza Aluminio anodizado Alimentaci\u00f3n: CA 230 V <\/p>\n","protected":false},"excerpt":{"rendered":"<p>CORTADORA DE FIAMBRE 220MM BLACK MORETTI<\/p>\n","protected":false},"featured_media":1881,"template":"","meta":{"_acf_changed":false},"product_brand":[],"product_cat":[45],"product_tag":[],"class_list":{"0":"post-1882","1":"product","2":"type-product","3":"status-publish","4":"has-post-thumbnail","6":"product_cat-herramientas-comerciales","8":"first","9":"instock","10":"shipping-taxable","11":"product-type-simple"},"acf":[],"_links":{"self":[{"href":"https:\/\/online.dmgroup.com.ar\/index.php?rest_route=\/wp\/v2\/product\/1882","targetHints":{"allow":["GET"]}}],"collection":[{"href":"https:\/\/online.dmgroup.com.ar\/index.php?rest_route=\/wp\/v2\/product"}],"about":[{"href":"https:\/\/online.dmgroup.com.ar\/index.php?rest_route=\/wp\/v2\/types\/product"}],"version-history":[{"count":0,"href":"https:\/\/online.dmgroup.com.ar\/index.php?rest_route=\/wp\/v2\/product\/1882\/revisions"}],"wp:featuredmedia":[{"embeddable":true,"href":"https:\/\/online.dmgroup.com.ar\/index.php?rest_route=\/wp\/v2\/media\/1881"}],"wp:attachment":[{"href":"https:\/\/online.dmgroup.com.ar\/index.php?rest_route=%2Fwp%2Fv2%2Fmedia&parent=1882"}],"wp:term":[{"taxonomy":"product_brand","embeddable":true,"href":"https:\/\/online.dmgroup.com.ar\/index.php?rest_route=%2Fwp%2Fv2%2Fproduct_brand&post=1882"},{"taxonomy":"product_cat","embeddable":true,"href":"https:\/\/online.dmgroup.com.ar\/index.php?rest_route=%2Fwp%2Fv2%2Fproduct_cat&post=1882"},{"taxonomy":"product_tag","embeddable":true,"href":"https:\/\/online.dmgroup.com.ar\/index.php?rest_route=%2Fwp%2Fv2%2Fproduct_tag&post=1882"}],"curies":[{"name":"wp","href":"https:\/\/api.w.org\/{rel}","templated":true}]}}