{"id":1900,"date":"2025-05-01T00:51:03","date_gmt":"2025-05-01T03:51:03","guid":{"rendered":"https:\/\/online.dmgroup.com.ar\/product\/cortadora-de-fiambre-36090-cf330-systel\/"},"modified":"2026-02-05T11:51:35","modified_gmt":"2026-02-05T14:51:35","slug":"cortadora-de-fiambre-36090-cf330-systel","status":"publish","type":"product","link":"https:\/\/online.dmgroup.com.ar\/?product=cortadora-de-fiambre-36090-cf330-systel","title":{"rendered":"CORTADORA DE FIAMBRE 36090 CF330 SYSTEL"},"content":{"rendered":"<p>POTENCIA 1-3HP D\u00cdAMETRO DE CUCHILLA 330mm Tipo de soluci\u00f3n: Comercial Robusta y liviana. Menor mantenimiento. Ubicaci\u00f3n de regulador, brinda mayor comodidad y agilidad en el uso. Perilla dise\u00f1ada con tres puntas, favorece el agarre para la regulaci\u00f3n exacta del espesor de corte. Llave de encendido iluminada ubicada a la vista del usuario. Bandeja, afilador y carro portafiambre desmontables para facilitar la limpieza. Equipo con certificaci\u00f3n de Seguridad equipamiento El\u00e9ctrico Dimensiones generales: 620 x 415 x 485 mm Peso: 28,5 kg. Sistema de deslizamiento de carro y prensador (con bujes de bolillas recirculantes). Prensador con p\u00faas de acero inoxidable. Descripci\u00f3n Alimentaci\u00f3n Frecuencia de trabajo<\/p>\n","protected":false},"excerpt":{"rendered":"<p>CORTADORA DE FIAMBRE 36090 CF330 SYSTEL<\/p>\n","protected":false},"featured_media":1899,"template":"","meta":{"_acf_changed":false},"product_brand":[],"product_cat":[45],"product_tag":[],"class_list":{"0":"post-1900","1":"product","2":"type-product","3":"status-publish","4":"has-post-thumbnail","6":"product_cat-herramientas-comerciales","8":"first","9":"instock","10":"shipping-taxable","11":"product-type-simple"},"acf":[],"_links":{"self":[{"href":"https:\/\/online.dmgroup.com.ar\/index.php?rest_route=\/wp\/v2\/product\/1900","targetHints":{"allow":["GET"]}}],"collection":[{"href":"https:\/\/online.dmgroup.com.ar\/index.php?rest_route=\/wp\/v2\/product"}],"about":[{"href":"https:\/\/online.dmgroup.com.ar\/index.php?rest_route=\/wp\/v2\/types\/product"}],"version-history":[{"count":0,"href":"https:\/\/online.dmgroup.com.ar\/index.php?rest_route=\/wp\/v2\/product\/1900\/revisions"}],"wp:featuredmedia":[{"embeddable":true,"href":"https:\/\/online.dmgroup.com.ar\/index.php?rest_route=\/wp\/v2\/media\/1899"}],"wp:attachment":[{"href":"https:\/\/online.dmgroup.com.ar\/index.php?rest_route=%2Fwp%2Fv2%2Fmedia&parent=1900"}],"wp:term":[{"taxonomy":"product_brand","embeddable":true,"href":"https:\/\/online.dmgroup.com.ar\/index.php?rest_route=%2Fwp%2Fv2%2Fproduct_brand&post=1900"},{"taxonomy":"product_cat","embeddable":true,"href":"https:\/\/online.dmgroup.com.ar\/index.php?rest_route=%2Fwp%2Fv2%2Fproduct_cat&post=1900"},{"taxonomy":"product_tag","embeddable":true,"href":"https:\/\/online.dmgroup.com.ar\/index.php?rest_route=%2Fwp%2Fv2%2Fproduct_tag&post=1900"}],"curies":[{"name":"wp","href":"https:\/\/api.w.org\/{rel}","templated":true}]}}