{"id":1908,"date":"2025-05-01T00:51:19","date_gmt":"2025-05-01T03:51:19","guid":{"rendered":"https:\/\/online.dmgroup.com.ar\/product\/cortadora-de-pelo-y-barba-tf-hc150-telefunken\/"},"modified":"2026-02-05T11:51:46","modified_gmt":"2026-02-05T14:51:46","slug":"cortadora-de-pelo-y-barba-tf-hc150-telefunken","status":"publish","type":"product","link":"https:\/\/online.dmgroup.com.ar\/?product=cortadora-de-pelo-y-barba-tf-hc150-telefunken","title":{"rendered":"CORTADORA DE PELO Y BARBA TF-HC150 TELEFUNKEN"},"content":{"rendered":"<p>WATERPROOF IPX4<\/p>\n<p>Cuchillas de acero inoxidable<\/p>\n<p>Bater\u00eda incluida de m\u00e1xima duraci\u00f3n<\/p>\n<p>Tecnolog\u00eda antibacterial<\/p>\n<p>Motor potente<\/p>\n<p>Incluye 1 peine regulable<\/p>\n<p>Incluye 1 cubierta protectora<\/p>\n","protected":false},"excerpt":{"rendered":"<p>CORTADORA DE PELO Y BARBA TF-HC150 TELEFUNKEN<\/p>\n","protected":false},"featured_media":1907,"template":"","meta":{"_acf_changed":false},"product_brand":[],"product_cat":[52],"product_tag":[],"class_list":{"0":"post-1908","1":"product","2":"type-product","3":"status-publish","4":"has-post-thumbnail","6":"product_cat-salud-belleza-fitness","8":"first","9":"instock","10":"shipping-taxable","11":"product-type-simple"},"acf":[],"_links":{"self":[{"href":"https:\/\/online.dmgroup.com.ar\/index.php?rest_route=\/wp\/v2\/product\/1908","targetHints":{"allow":["GET"]}}],"collection":[{"href":"https:\/\/online.dmgroup.com.ar\/index.php?rest_route=\/wp\/v2\/product"}],"about":[{"href":"https:\/\/online.dmgroup.com.ar\/index.php?rest_route=\/wp\/v2\/types\/product"}],"version-history":[{"count":0,"href":"https:\/\/online.dmgroup.com.ar\/index.php?rest_route=\/wp\/v2\/product\/1908\/revisions"}],"wp:featuredmedia":[{"embeddable":true,"href":"https:\/\/online.dmgroup.com.ar\/index.php?rest_route=\/wp\/v2\/media\/1907"}],"wp:attachment":[{"href":"https:\/\/online.dmgroup.com.ar\/index.php?rest_route=%2Fwp%2Fv2%2Fmedia&parent=1908"}],"wp:term":[{"taxonomy":"product_brand","embeddable":true,"href":"https:\/\/online.dmgroup.com.ar\/index.php?rest_route=%2Fwp%2Fv2%2Fproduct_brand&post=1908"},{"taxonomy":"product_cat","embeddable":true,"href":"https:\/\/online.dmgroup.com.ar\/index.php?rest_route=%2Fwp%2Fv2%2Fproduct_cat&post=1908"},{"taxonomy":"product_tag","embeddable":true,"href":"https:\/\/online.dmgroup.com.ar\/index.php?rest_route=%2Fwp%2Fv2%2Fproduct_tag&post=1908"}],"curies":[{"name":"wp","href":"https:\/\/api.w.org\/{rel}","templated":true}]}}