{"id":1931,"date":"2025-05-03T00:50:37","date_gmt":"2025-05-03T03:50:37","guid":{"rendered":"https:\/\/online.dmgroup.com.ar\/product\/desmalezadora-a-explosion-52cc-kldde52-kld\/"},"modified":"2026-02-05T11:53:03","modified_gmt":"2026-02-05T14:53:03","slug":"desmalezadora-a-explosion-52cc-kldde52-kld","status":"publish","type":"product","link":"https:\/\/online.dmgroup.com.ar\/?product=desmalezadora-a-explosion-52cc-kldde52-kld","title":{"rendered":"DESMALEZADORA A EXPLOSION 52CC KLDDE52 KLD"},"content":{"rendered":"<p>Desmalezadora &#8211; KLDDE52 -Motor de 2 tiempos refrigerado por aire -Cilindrada 52cc -Potencia 3.0 HP -Velocidad: 6500 rpm -Tanque combustible: Pl\u00e1stico reforzado -Capacidad: 1,2 lts -Tipo de eje: Recto -Transmisi\u00f3n: Cardanica de 8mm -Manubrio: Tipo bicicleta asim\u00e9trico -Cuchilla: 3 puntas 9 pulgadas &#8211; Cabezal porta tanza: Doble salida &#8211; Arranque: Manual por polea retr\u00e1ctil y cebador &#8211; Ancho de corte m\u00e1ximo: 230mm &#8211; INCLUYE Set de Herramientas<\/p>\n","protected":false},"excerpt":{"rendered":"<p>DESMALEZADORA A EXPLOSION 52CC KLDDE52 KLD<\/p>\n","protected":false},"featured_media":1930,"template":"","meta":{"_acf_changed":false},"product_brand":[],"product_cat":[42],"product_tag":[],"class_list":{"0":"post-1931","1":"product","2":"type-product","3":"status-publish","4":"has-post-thumbnail","6":"product_cat-ferreteria","8":"first","9":"instock","10":"shipping-taxable","11":"product-type-simple"},"acf":[],"_links":{"self":[{"href":"https:\/\/online.dmgroup.com.ar\/index.php?rest_route=\/wp\/v2\/product\/1931","targetHints":{"allow":["GET"]}}],"collection":[{"href":"https:\/\/online.dmgroup.com.ar\/index.php?rest_route=\/wp\/v2\/product"}],"about":[{"href":"https:\/\/online.dmgroup.com.ar\/index.php?rest_route=\/wp\/v2\/types\/product"}],"version-history":[{"count":0,"href":"https:\/\/online.dmgroup.com.ar\/index.php?rest_route=\/wp\/v2\/product\/1931\/revisions"}],"wp:featuredmedia":[{"embeddable":true,"href":"https:\/\/online.dmgroup.com.ar\/index.php?rest_route=\/wp\/v2\/media\/1930"}],"wp:attachment":[{"href":"https:\/\/online.dmgroup.com.ar\/index.php?rest_route=%2Fwp%2Fv2%2Fmedia&parent=1931"}],"wp:term":[{"taxonomy":"product_brand","embeddable":true,"href":"https:\/\/online.dmgroup.com.ar\/index.php?rest_route=%2Fwp%2Fv2%2Fproduct_brand&post=1931"},{"taxonomy":"product_cat","embeddable":true,"href":"https:\/\/online.dmgroup.com.ar\/index.php?rest_route=%2Fwp%2Fv2%2Fproduct_cat&post=1931"},{"taxonomy":"product_tag","embeddable":true,"href":"https:\/\/online.dmgroup.com.ar\/index.php?rest_route=%2Fwp%2Fv2%2Fproduct_tag&post=1931"}],"curies":[{"name":"wp","href":"https:\/\/api.w.org\/{rel}","templated":true}]}}