{"id":1943,"date":"2025-05-03T00:50:53","date_gmt":"2025-05-03T03:50:53","guid":{"rendered":"https:\/\/online.dmgroup.com.ar\/product\/disco-paellero-40cm-diametro-con-patas-desmontables-tapa-brogas\/"},"modified":"2026-02-05T11:53:21","modified_gmt":"2026-02-05T14:53:21","slug":"disco-paellero-40cm-diametro-con-patas-desmontables-tapa-brogas","status":"publish","type":"product","link":"https:\/\/online.dmgroup.com.ar\/?product=disco-paellero-40cm-diametro-con-patas-desmontables-tapa-brogas","title":{"rendered":"DISCO PAELLERO 40CM DIAMETRO CON PATAS DESMONTABLES + TAPA BROGAS"},"content":{"rendered":"<p>Disco Paellero 40CM di\u00e1metro Con Patas+ Tapa Incluye patas desmontables, para transportarlo f\u00e1cilmente y poder utilizarlo tambi\u00e9n sobre la cocina sin las patas. Ideal para paellas y woks.<\/p>\n","protected":false},"excerpt":{"rendered":"<p>DISCO PAELLERO 40CM DIAMETRO CON PATAS DESMONTABLES + TAPA BROGAS<\/p>\n","protected":false},"featured_media":1942,"template":"","meta":{"_acf_changed":false},"product_brand":[],"product_cat":[39],"product_tag":[],"class_list":{"0":"post-1943","1":"product","2":"type-product","3":"status-publish","4":"has-post-thumbnail","6":"product_cat-cocina-de-hogar","8":"first","9":"instock","10":"shipping-taxable","11":"product-type-simple"},"acf":[],"_links":{"self":[{"href":"https:\/\/online.dmgroup.com.ar\/index.php?rest_route=\/wp\/v2\/product\/1943","targetHints":{"allow":["GET"]}}],"collection":[{"href":"https:\/\/online.dmgroup.com.ar\/index.php?rest_route=\/wp\/v2\/product"}],"about":[{"href":"https:\/\/online.dmgroup.com.ar\/index.php?rest_route=\/wp\/v2\/types\/product"}],"version-history":[{"count":0,"href":"https:\/\/online.dmgroup.com.ar\/index.php?rest_route=\/wp\/v2\/product\/1943\/revisions"}],"wp:featuredmedia":[{"embeddable":true,"href":"https:\/\/online.dmgroup.com.ar\/index.php?rest_route=\/wp\/v2\/media\/1942"}],"wp:attachment":[{"href":"https:\/\/online.dmgroup.com.ar\/index.php?rest_route=%2Fwp%2Fv2%2Fmedia&parent=1943"}],"wp:term":[{"taxonomy":"product_brand","embeddable":true,"href":"https:\/\/online.dmgroup.com.ar\/index.php?rest_route=%2Fwp%2Fv2%2Fproduct_brand&post=1943"},{"taxonomy":"product_cat","embeddable":true,"href":"https:\/\/online.dmgroup.com.ar\/index.php?rest_route=%2Fwp%2Fv2%2Fproduct_cat&post=1943"},{"taxonomy":"product_tag","embeddable":true,"href":"https:\/\/online.dmgroup.com.ar\/index.php?rest_route=%2Fwp%2Fv2%2Fproduct_tag&post=1943"}],"curies":[{"name":"wp","href":"https:\/\/api.w.org\/{rel}","templated":true}]}}