{"id":1947,"date":"2025-05-03T00:51:00","date_gmt":"2025-05-03T03:51:00","guid":{"rendered":"https:\/\/online.dmgroup.com.ar\/product\/dispenser-de-film-d850-lipari\/"},"modified":"2026-02-05T11:53:25","modified_gmt":"2026-02-05T14:53:25","slug":"dispenser-de-film-d850-lipari","status":"publish","type":"product","link":"https:\/\/online.dmgroup.com.ar\/?product=dispenser-de-film-d850-lipari","title":{"rendered":"DISPENSER DE FILM D850 LIPARI"},"content":{"rendered":"<p>Ideal para ser utilizado en el empaquetado de comidas calientes de rotiser\u00eda, casas de comidas, viandas, supermercados. minimarketc, etc. &#8211; Sistema sencillo y compacto para agilizar el proceso de empacado y despacho. &#8211; Gabinete construido en acero esmerilado y chapa recubierto con pintura epoxi de alta resistencia. &#8211; Apto para trabajar con 4 medidas de film (25, 30, 38, 45cm). &#8211; Sistema de corte realizado a trav\u00e9s de una resistencia tubular de 8mm de di\u00e1metro. Dicha resistencia no requiere ser reemplazada peri\u00f3dicamente y evita el desprendimiento de humo durante el corte.<\/p>\n","protected":false},"excerpt":{"rendered":"<p>DISPENSER DE FILM D850 LIPARI<\/p>\n","protected":false},"featured_media":1946,"template":"","meta":{"_acf_changed":false},"product_brand":[],"product_cat":[45],"product_tag":[],"class_list":{"0":"post-1947","1":"product","2":"type-product","3":"status-publish","4":"has-post-thumbnail","6":"product_cat-herramientas-comerciales","8":"first","9":"instock","10":"shipping-taxable","11":"product-type-simple"},"acf":[],"_links":{"self":[{"href":"https:\/\/online.dmgroup.com.ar\/index.php?rest_route=\/wp\/v2\/product\/1947","targetHints":{"allow":["GET"]}}],"collection":[{"href":"https:\/\/online.dmgroup.com.ar\/index.php?rest_route=\/wp\/v2\/product"}],"about":[{"href":"https:\/\/online.dmgroup.com.ar\/index.php?rest_route=\/wp\/v2\/types\/product"}],"version-history":[{"count":0,"href":"https:\/\/online.dmgroup.com.ar\/index.php?rest_route=\/wp\/v2\/product\/1947\/revisions"}],"wp:featuredmedia":[{"embeddable":true,"href":"https:\/\/online.dmgroup.com.ar\/index.php?rest_route=\/wp\/v2\/media\/1946"}],"wp:attachment":[{"href":"https:\/\/online.dmgroup.com.ar\/index.php?rest_route=%2Fwp%2Fv2%2Fmedia&parent=1947"}],"wp:term":[{"taxonomy":"product_brand","embeddable":true,"href":"https:\/\/online.dmgroup.com.ar\/index.php?rest_route=%2Fwp%2Fv2%2Fproduct_brand&post=1947"},{"taxonomy":"product_cat","embeddable":true,"href":"https:\/\/online.dmgroup.com.ar\/index.php?rest_route=%2Fwp%2Fv2%2Fproduct_cat&post=1947"},{"taxonomy":"product_tag","embeddable":true,"href":"https:\/\/online.dmgroup.com.ar\/index.php?rest_route=%2Fwp%2Fv2%2Fproduct_tag&post=1947"}],"curies":[{"name":"wp","href":"https:\/\/api.w.org\/{rel}","templated":true}]}}