{"id":1949,"date":"2025-05-03T00:51:03","date_gmt":"2025-05-03T03:51:03","guid":{"rendered":"https:\/\/online.dmgroup.com.ar\/product\/dispenser-de-film-d851-lipari\/"},"modified":"2026-02-05T11:53:28","modified_gmt":"2026-02-05T14:53:28","slug":"dispenser-de-film-d851-lipari","status":"publish","type":"product","link":"https:\/\/online.dmgroup.com.ar\/?product=dispenser-de-film-d851-lipari","title":{"rendered":"DISPENSER DE FILM D851 LIPARI"},"content":{"rendered":"<p>Dispenser para rollos de cocina D851 Una soluci\u00f3n perfecta, para tener siempre a mano en la cocina dom\u00e9stica.  El nuevo dispenser para rollos de cocina D851, posee un dise\u00f1o pr\u00e1ctico y funcional, y est\u00e1 construido en acero inoxidable que lo hace resistente y est\u00e9tico para los hogares modernos. Construido en acero inoxidable. Corte manual con cuchilla. Exclusivo uso hogare\u00f1o. C\u00f3digo D851 Corte Cuchilla     Ancho del Film Hasta 38 cm Largo del Film Hasta 300 m   Tipo de Rollo Film de PVC, papel aluminio y papel manteca. <\/p>\n","protected":false},"excerpt":{"rendered":"<p>DISPENSER DE FILM D851 LIPARI<\/p>\n","protected":false},"featured_media":1948,"template":"","meta":{"_acf_changed":false},"product_brand":[],"product_cat":[45],"product_tag":[],"class_list":{"0":"post-1949","1":"product","2":"type-product","3":"status-publish","4":"has-post-thumbnail","6":"product_cat-herramientas-comerciales","8":"first","9":"instock","10":"shipping-taxable","11":"product-type-simple"},"acf":[],"_links":{"self":[{"href":"https:\/\/online.dmgroup.com.ar\/index.php?rest_route=\/wp\/v2\/product\/1949","targetHints":{"allow":["GET"]}}],"collection":[{"href":"https:\/\/online.dmgroup.com.ar\/index.php?rest_route=\/wp\/v2\/product"}],"about":[{"href":"https:\/\/online.dmgroup.com.ar\/index.php?rest_route=\/wp\/v2\/types\/product"}],"version-history":[{"count":0,"href":"https:\/\/online.dmgroup.com.ar\/index.php?rest_route=\/wp\/v2\/product\/1949\/revisions"}],"wp:featuredmedia":[{"embeddable":true,"href":"https:\/\/online.dmgroup.com.ar\/index.php?rest_route=\/wp\/v2\/media\/1948"}],"wp:attachment":[{"href":"https:\/\/online.dmgroup.com.ar\/index.php?rest_route=%2Fwp%2Fv2%2Fmedia&parent=1949"}],"wp:term":[{"taxonomy":"product_brand","embeddable":true,"href":"https:\/\/online.dmgroup.com.ar\/index.php?rest_route=%2Fwp%2Fv2%2Fproduct_brand&post=1949"},{"taxonomy":"product_cat","embeddable":true,"href":"https:\/\/online.dmgroup.com.ar\/index.php?rest_route=%2Fwp%2Fv2%2Fproduct_cat&post=1949"},{"taxonomy":"product_tag","embeddable":true,"href":"https:\/\/online.dmgroup.com.ar\/index.php?rest_route=%2Fwp%2Fv2%2Fproduct_tag&post=1949"}],"curies":[{"name":"wp","href":"https:\/\/api.w.org\/{rel}","templated":true}]}}