{"id":1951,"date":"2025-05-03T00:51:07","date_gmt":"2025-05-03T03:51:07","guid":{"rendered":"https:\/\/online.dmgroup.com.ar\/product\/dispenser-de-film-sp20-lipari\/"},"modified":"2026-02-05T11:53:30","modified_gmt":"2026-02-05T14:53:30","slug":"dispenser-de-film-sp20-lipari","status":"publish","type":"product","link":"https:\/\/online.dmgroup.com.ar\/?product=dispenser-de-film-sp20-lipari","title":{"rendered":"DISPENSER DE FILM SP20 LIPARI"},"content":{"rendered":"<p>Dispenser para Film SP20 Gabinete de chapa recubierto con pintura epoxi de alta resistencia. Sistema sencillo y compacto para agilizar el proceso de empacado y despacho. Funcionamiento de resistencia de corte en baja tensi\u00f3n. Apta para trabajar con 4 medidas de film de PVC (25, 30, 38 y 45cm). Informaci\u00f3n T\u00e9cnica: Tensi\u00f3n: 220 Volts Potencia: 28,6 Watts Consumo El\u00e9ctrico: 0,13 A Dimensiones: 520 x 110 x 245mm Peso: 2,93 Kg https:&#8211;www.smartpack.com.ar-sp20.php<\/p>\n","protected":false},"excerpt":{"rendered":"<p>DISPENSER DE FILM SP20 LIPARI<\/p>\n","protected":false},"featured_media":1950,"template":"","meta":{"_acf_changed":false},"product_brand":[],"product_cat":[45],"product_tag":[],"class_list":{"0":"post-1951","1":"product","2":"type-product","3":"status-publish","4":"has-post-thumbnail","6":"product_cat-herramientas-comerciales","8":"first","9":"instock","10":"shipping-taxable","11":"product-type-simple"},"acf":[],"_links":{"self":[{"href":"https:\/\/online.dmgroup.com.ar\/index.php?rest_route=\/wp\/v2\/product\/1951","targetHints":{"allow":["GET"]}}],"collection":[{"href":"https:\/\/online.dmgroup.com.ar\/index.php?rest_route=\/wp\/v2\/product"}],"about":[{"href":"https:\/\/online.dmgroup.com.ar\/index.php?rest_route=\/wp\/v2\/types\/product"}],"version-history":[{"count":0,"href":"https:\/\/online.dmgroup.com.ar\/index.php?rest_route=\/wp\/v2\/product\/1951\/revisions"}],"wp:featuredmedia":[{"embeddable":true,"href":"https:\/\/online.dmgroup.com.ar\/index.php?rest_route=\/wp\/v2\/media\/1950"}],"wp:attachment":[{"href":"https:\/\/online.dmgroup.com.ar\/index.php?rest_route=%2Fwp%2Fv2%2Fmedia&parent=1951"}],"wp:term":[{"taxonomy":"product_brand","embeddable":true,"href":"https:\/\/online.dmgroup.com.ar\/index.php?rest_route=%2Fwp%2Fv2%2Fproduct_brand&post=1951"},{"taxonomy":"product_cat","embeddable":true,"href":"https:\/\/online.dmgroup.com.ar\/index.php?rest_route=%2Fwp%2Fv2%2Fproduct_cat&post=1951"},{"taxonomy":"product_tag","embeddable":true,"href":"https:\/\/online.dmgroup.com.ar\/index.php?rest_route=%2Fwp%2Fv2%2Fproduct_tag&post=1951"}],"curies":[{"name":"wp","href":"https:\/\/api.w.org\/{rel}","templated":true}]}}