{"id":1989,"date":"2025-05-04T00:51:04","date_gmt":"2025-05-04T03:51:04","guid":{"rendered":"https:\/\/online.dmgroup.com.ar\/product\/escritorio-con-cajon-120-m-wengue-1223-orlandi\/"},"modified":"2026-02-05T11:55:05","modified_gmt":"2026-02-05T14:55:05","slug":"escritorio-con-cajon-120-m-wengue-1223-orlandi","status":"publish","type":"product","link":"https:\/\/online.dmgroup.com.ar\/?product=escritorio-con-cajon-120-m-wengue-1223-orlandi","title":{"rendered":"ESCRITORIO CON CAJ\u00d3N &#8211; 1,20 M WENGUE 1223 ORLANDI"},"content":{"rendered":"<p>Ficha T\u00e9cnica 1,20 M &#8211; UN CAJ\u00d3N  Medidas 1200 X 755 X 595 MM<\/p>\n","protected":false},"excerpt":{"rendered":"<p>ESCRITORIO CON CAJ\u00d3N &#8211; 1,20 M WENGUE 1223 ORLANDI<\/p>\n","protected":false},"featured_media":1988,"template":"","meta":{"_acf_changed":false},"product_brand":[],"product_cat":[50],"product_tag":[],"class_list":{"0":"post-1989","1":"product","2":"type-product","3":"status-publish","4":"has-post-thumbnail","6":"product_cat-muebles-de-hogar","8":"first","9":"instock","10":"shipping-taxable","11":"product-type-simple"},"acf":[],"_links":{"self":[{"href":"https:\/\/online.dmgroup.com.ar\/index.php?rest_route=\/wp\/v2\/product\/1989","targetHints":{"allow":["GET"]}}],"collection":[{"href":"https:\/\/online.dmgroup.com.ar\/index.php?rest_route=\/wp\/v2\/product"}],"about":[{"href":"https:\/\/online.dmgroup.com.ar\/index.php?rest_route=\/wp\/v2\/types\/product"}],"version-history":[{"count":0,"href":"https:\/\/online.dmgroup.com.ar\/index.php?rest_route=\/wp\/v2\/product\/1989\/revisions"}],"wp:featuredmedia":[{"embeddable":true,"href":"https:\/\/online.dmgroup.com.ar\/index.php?rest_route=\/wp\/v2\/media\/1988"}],"wp:attachment":[{"href":"https:\/\/online.dmgroup.com.ar\/index.php?rest_route=%2Fwp%2Fv2%2Fmedia&parent=1989"}],"wp:term":[{"taxonomy":"product_brand","embeddable":true,"href":"https:\/\/online.dmgroup.com.ar\/index.php?rest_route=%2Fwp%2Fv2%2Fproduct_brand&post=1989"},{"taxonomy":"product_cat","embeddable":true,"href":"https:\/\/online.dmgroup.com.ar\/index.php?rest_route=%2Fwp%2Fv2%2Fproduct_cat&post=1989"},{"taxonomy":"product_tag","embeddable":true,"href":"https:\/\/online.dmgroup.com.ar\/index.php?rest_route=%2Fwp%2Fv2%2Fproduct_tag&post=1989"}],"curies":[{"name":"wp","href":"https:\/\/api.w.org\/{rel}","templated":true}]}}