{"id":1997,"date":"2025-05-05T00:50:27","date_gmt":"2025-05-05T03:50:27","guid":{"rendered":"https:\/\/online.dmgroup.com.ar\/product\/envasadora-al-vacio-semi-profesional-30cm-vac801-neovac\/"},"modified":"2026-02-05T11:54:14","modified_gmt":"2026-02-05T14:54:14","slug":"envasadora-al-vacio-semi-profesional-30cm-vac801-neovac","status":"publish","type":"product","link":"https:\/\/online.dmgroup.com.ar\/?product=envasadora-al-vacio-semi-profesional-30cm-vac801-neovac","title":{"rendered":"ENVASADORA AL VACIO SEMI PROFESIONAL 30CM VAC801 NEOVAC"},"content":{"rendered":"<p>DETALLES DE PRODUCTO &#8211; Tama\u00f1o compacto. &#8211; Apta para envasar bolsas lisas y gofradas. &#8211; Permite el envasado de l\u00edquidos. &#8211; Permite envasar recipientes al vac\u00edo. &#8211; Permite realizar marinado en alimentos. &#8211; Permite sellar bolsas de hasta 30 cm &#8211; Potencia: 380 Watt &#8211; Tensi\u00f3n 220V-50Hz &#8211; Dimensiones externas (mm): 257x367x446 &#8211; Dimensiones de la c\u00e1mara (mm): 100x310x330 &#8211; Peso 14,5Kg<\/p>\n","protected":false},"excerpt":{"rendered":"<p>ENVASADORA AL VACIO SEMI PROFESIONAL 30CM VAC801 NEOVAC<\/p>\n","protected":false},"featured_media":1996,"template":"","meta":{"_acf_changed":false},"product_brand":[],"product_cat":[45],"product_tag":[],"class_list":{"0":"post-1997","1":"product","2":"type-product","3":"status-publish","4":"has-post-thumbnail","6":"product_cat-herramientas-comerciales","8":"first","9":"instock","10":"shipping-taxable","11":"product-type-simple"},"acf":[],"_links":{"self":[{"href":"https:\/\/online.dmgroup.com.ar\/index.php?rest_route=\/wp\/v2\/product\/1997","targetHints":{"allow":["GET"]}}],"collection":[{"href":"https:\/\/online.dmgroup.com.ar\/index.php?rest_route=\/wp\/v2\/product"}],"about":[{"href":"https:\/\/online.dmgroup.com.ar\/index.php?rest_route=\/wp\/v2\/types\/product"}],"version-history":[{"count":0,"href":"https:\/\/online.dmgroup.com.ar\/index.php?rest_route=\/wp\/v2\/product\/1997\/revisions"}],"wp:featuredmedia":[{"embeddable":true,"href":"https:\/\/online.dmgroup.com.ar\/index.php?rest_route=\/wp\/v2\/media\/1996"}],"wp:attachment":[{"href":"https:\/\/online.dmgroup.com.ar\/index.php?rest_route=%2Fwp%2Fv2%2Fmedia&parent=1997"}],"wp:term":[{"taxonomy":"product_brand","embeddable":true,"href":"https:\/\/online.dmgroup.com.ar\/index.php?rest_route=%2Fwp%2Fv2%2Fproduct_brand&post=1997"},{"taxonomy":"product_cat","embeddable":true,"href":"https:\/\/online.dmgroup.com.ar\/index.php?rest_route=%2Fwp%2Fv2%2Fproduct_cat&post=1997"},{"taxonomy":"product_tag","embeddable":true,"href":"https:\/\/online.dmgroup.com.ar\/index.php?rest_route=%2Fwp%2Fv2%2Fproduct_tag&post=1997"}],"curies":[{"name":"wp","href":"https:\/\/api.w.org\/{rel}","templated":true}]}}